{"id":99,"date":"2026-02-10T11:33:47","date_gmt":"2026-02-10T16:33:47","guid":{"rendered":"https:\/\/ogagnon.dectim.ca\/Team-TP2\/wordpress\/?page_id=99"},"modified":"2026-04-27T16:02:58","modified_gmt":"2026-04-27T20:02:58","slug":"nos-services","status":"publish","type":"page","link":"https:\/\/ogagnon.dectim.ca\/Team-TP2\/wordpress\/nos-services\/","title":{"rendered":"Nos installations"},"content":{"rendered":"\t\t<div data-elementor-type=\"wp-page\" data-elementor-id=\"99\" class=\"elementor elementor-99\">\n\t\t\t\t<div class=\"elementor-element elementor-element-59243bc e-flex e-con-boxed e-con e-parent\" data-id=\"59243bc\" data-element_type=\"container\" data-e-type=\"container\">\n\t\t\t\t\t<div class=\"e-con-inner\">\n\t\t\t\t<div class=\"elementor-element elementor-element-2de89b94 elementor-widget elementor-widget-text-editor\" data-id=\"2de89b94\" data-element_type=\"widget\" data-e-type=\"widget\" data-widget_type=\"text-editor.default\">\n\t\t\t\t\t\t\t\t\t\n<div class=\"wp-block-cover\"><img data-opt-src=\"https:\/\/mlhzlejwk6xn.i.optimole.com\/w:1024\/h:683\/q:mauto\/f:best\/https:\/\/ogagnon.dectim.ca\/Team-TP2\/wordpress\/wp-content\/uploads\/2026\/04\/Copilot_20260407_112744.png\"   decoding=\"async\" width=\"1536\" height=\"1024\" decoding=async data-opt-id=1969913247   class=\"wp-block-cover__image-background wp-image-949 size-large\" src=\"data:image/svg+xml,%3Csvg%20viewBox%3D%220%200%201024%20683%22%20width%3D%221024%22%20height%3D%22683%22%20xmlns%3D%22http%3A%2F%2Fwww.w3.org%2F2000%2Fsvg%22%3E%3Crect%20width%3D%221024%22%20height%3D%22683%22%20fill%3D%22transparent%22%2F%3E%3C%2Fsvg%3E\" alt=\"\" data-object-fit=\"cover\" old-srcset=\"https:\/\/mlhzlejwk6xn.i.optimole.com\/w:1536\/h:1024\/q:mauto\/f:best\/https:\/\/ogagnon.dectim.ca\/Team-TP2\/wordpress\/wp-content\/uploads\/2026\/04\/Copilot_20260407_112744.png 1536w, https:\/\/mlhzlejwk6xn.i.optimole.com\/w:300\/h:200\/q:mauto\/f:best\/https:\/\/ogagnon.dectim.ca\/Team-TP2\/wordpress\/wp-content\/uploads\/2026\/04\/Copilot_20260407_112744.png 300w, https:\/\/mlhzlejwk6xn.i.optimole.com\/w:1024\/h:683\/q:mauto\/f:best\/https:\/\/ogagnon.dectim.ca\/Team-TP2\/wordpress\/wp-content\/uploads\/2026\/04\/Copilot_20260407_112744.png 1024w, https:\/\/mlhzlejwk6xn.i.optimole.com\/w:768\/h:512\/q:mauto\/f:best\/https:\/\/ogagnon.dectim.ca\/Team-TP2\/wordpress\/wp-content\/uploads\/2026\/04\/Copilot_20260407_112744.png 768w\" \/>\n<div class=\"wp-block-cover__inner-container is-layout-constrained wp-block-cover-is-layout-constrained\">\n<p class=\"has-text-align-center has-large-font-size\">Nos installations<\/p>\n<\/div>\n<\/div>\n\n<div class=\"wp-block-group is-layout-constrained wp-container-core-group-is-layout-caa2d89a wp-block-group-is-layout-constrained\" style=\"padding-right: var(--wp--preset--spacing--80); padding-left: var(--wp--preset--spacing--80);\">\n<h2 class=\"wp-block-heading has-text-align-center\" style=\"margin-top: var(--wp--preset--spacing--70); margin-bottom: var(--wp--preset--spacing--70);\"><strong>Vivez l\u2019exp\u00e9rience. Ressentez l\u2019univers.<\/strong><\/h2>\n\n<p class=\"has-text-align-left\">Nous proposons des exp\u00e9riences immersives et interactives o\u00f9 l\u2019utilisateur devient acteur de l\u2019univers qu\u2019il explore. Gr\u00e2ce \u00e0 l\u2019int\u00e9gration simultan\u00e9e de stimuli visuels, sonores et physiques, le produit se d\u00e9marque par un niveau de r\u00e9alisme et de personnalisation rarement accessible dans des installations locales.<\/p>\n<\/div>\n\n<div class=\"wp-block-group is-nowrap is-layout-flex wp-container-core-group-is-layout-6c531013 wp-block-group-is-layout-flex\">\n<div class=\"wp-block-uagb-info-box uagb-block-5c1d43e9 uagb-infobox__content-wrap  uagb-infobox-icon-above-title uagb-infobox-image-valign-top\">\n<div class=\"uagb-ifb-content\">\n<div class=\"uagb-ifb-icon-wrap\">\u00a0<\/div>\n<div class=\"uagb-ifb-title-wrap\">\n<h3 class=\"uagb-ifb-title\"><strong>Immersion totale<\/strong><\/h3>\n<\/div>\n<p class=\"uagb-ifb-desc\">Les visiteurs sont plong\u00e9s dans des univers enveloppants o\u00f9 l\u2019image, le son et l\u2019espace se fusionnent pour effacer la fronti\u00e8re entre le r\u00e9el et le virtuel.<\/p>\n<\/div>\n<\/div>\n\n<div class=\"wp-block-uagb-info-box uagb-block-8f14e137 uagb-infobox__content-wrap  uagb-infobox-icon-above-title uagb-infobox-image-valign-top\">\n<div class=\"uagb-ifb-content\">\n<div class=\"uagb-ifb-icon-wrap\">\u00a0<\/div>\n<div class=\"uagb-ifb-title-wrap\">\n<h3 class=\"uagb-ifb-title\"><strong>Exp\u00e9rience multisensorielle<\/strong><\/h3>\n<\/div>\n<p class=\"uagb-ifb-desc\">Les environnements sollicitent plusieurs sens simultan\u00e9ment gr\u00e2ce \u00e0 l\u2019int\u00e9gration du vent, de l\u2019eau, de la chaleur, des odeurs et de l\u00e9g\u00e8res variations de gravit\u00e9.<\/p>\n<\/div>\n<\/div>\n\n<div class=\"wp-block-uagb-info-box uagb-block-580c7490 uagb-infobox__content-wrap  uagb-infobox-icon-above-title uagb-infobox-image-valign-top\">\n<div class=\"uagb-ifb-content\">\n<div class=\"uagb-ifb-icon-wrap\">\u00a0<\/div>\n<div class=\"uagb-ifb-title-wrap\">\n<h3 class=\"uagb-ifb-title\"><strong>Personnaliser l\u2019exp\u00e9rience<\/strong><\/h3>\n<\/div>\n<p class=\"uagb-ifb-desc\">L\u2019intensit\u00e9 des effets, l\u2019ambiance g\u00e9n\u00e9rale et le type d\u2019univers peuvent \u00eatre ajust\u00e9s afin d\u2019offrir une exp\u00e9rience adapt\u00e9e \u00e0 chaque visiteur.<\/p>\n<\/div>\n<\/div>\n<\/div>\n\n<div class=\"wp-block-group is-content-justification-center is-nowrap is-layout-flex wp-container-core-group-is-layout-923b238b wp-block-group-is-layout-flex\">\n<div class=\"wp-block-group is-vertical is-content-justification-center is-layout-flex wp-container-core-group-is-layout-fa38c63a wp-block-group-is-layout-flex\">\n<figure class=\"wp-block-image aligncenter size-full is-resized has-custom-border\"><img data-opt-src=\"https:\/\/mlhzlejwk6xn.i.optimole.com\/w:auto\/h:auto\/q:mauto\/f:best\/https:\/\/ogagnon.dectim.ca\/Team-TP2\/wordpress\/wp-content\/uploads\/2026\/04\/Copilot_20260407_123733.png\"   decoding=\"async\" width=\"1024\" height=\"1024\" decoding=async data-opt-id=53502030   class=\"wp-image-1043\" style=\"border-top-left-radius: 100px; border-top-right-radius: 0px; border-bottom-left-radius: 0px; border-bottom-right-radius: 100px; aspect-ratio: 1; object-fit: cover; width: 300px; height: auto;\" src=\"data:image/svg+xml,%3Csvg%20viewBox%3D%220%200%20100%%20100%%22%20width%3D%22100%%22%20height%3D%22100%%22%20xmlns%3D%22http%3A%2F%2Fwww.w3.org%2F2000%2Fsvg%22%3E%3Crect%20width%3D%22100%%22%20height%3D%22100%%22%20fill%3D%22transparent%22%2F%3E%3C%2Fsvg%3E\" alt=\"\" old-srcset=\"https:\/\/mlhzlejwk6xn.i.optimole.com\/w:1024\/h:1024\/q:mauto\/f:best\/https:\/\/ogagnon.dectim.ca\/Team-TP2\/wordpress\/wp-content\/uploads\/2026\/04\/Copilot_20260407_123733.png 1024w, https:\/\/mlhzlejwk6xn.i.optimole.com\/w:300\/h:300\/q:mauto\/f:best\/https:\/\/ogagnon.dectim.ca\/Team-TP2\/wordpress\/wp-content\/uploads\/2026\/04\/Copilot_20260407_123733.png 300w, https:\/\/mlhzlejwk6xn.i.optimole.com\/w:150\/h:150\/q:mauto\/f:best\/https:\/\/ogagnon.dectim.ca\/Team-TP2\/wordpress\/wp-content\/uploads\/2026\/04\/Copilot_20260407_123733.png 150w, https:\/\/mlhzlejwk6xn.i.optimole.com\/w:768\/h:768\/q:mauto\/f:best\/https:\/\/ogagnon.dectim.ca\/Team-TP2\/wordpress\/wp-content\/uploads\/2026\/04\/Copilot_20260407_123733.png 768w\" \/><\/figure>\n\n<h2 class=\"wp-block-heading has-text-align-center\">R\u00e9alit\u00e9 ultra-augment\u00e9<\/h2>\n\n<div class=\"wp-block-group is-nowrap is-layout-flex wp-container-core-group-is-layout-6c531013 wp-block-group-is-layout-flex\">\n<div class=\"wp-block-buttons is-layout-flex wp-block-buttons-is-layout-flex\">\n<div class=\"wp-block-button\"><a class=\"wp-block-button__link has-background wp-element-button\" style=\"background-color: #ff9d00;\" href=\"https:\/\/ogagnon.dectim.ca\/Team-TP2\/wordpress\/fonctionnalite-1\/\">Voir les fonctionnalit\u00e9s<\/a><\/div>\n<\/div>\n<\/div>\n<\/div>\n\n<div class=\"wp-block-group is-vertical is-content-justification-center is-layout-flex wp-container-core-group-is-layout-fa38c63a wp-block-group-is-layout-flex\">\n<figure class=\"wp-block-image aligncenter size-full is-resized has-custom-border\"><img decoding=\"async\" width=\"1024\" height=\"1024\" decoding=async data-opt-id=2102324337  data-opt-src=\"https:\/\/mlhzlejwk6xn.i.optimole.com\/w:auto\/h:auto\/q:mauto\/f:best\/https:\/\/ogagnon.dectim.ca\/Team-TP2\/wordpress\/wp-content\/uploads\/2026\/04\/Copilot_20260407_124006.png\"  class=\"wp-image-1045\" style=\"border-top-left-radius: 100px; border-top-right-radius: 0px; border-bottom-left-radius: 0px; border-bottom-right-radius: 100px; aspect-ratio: 1; object-fit: cover; width: 300px; height: auto;\" src=\"data:image\/svg+xml,%3Csvg%20viewBox%3D%220%200%20100%%20100%%22%20width%3D%22100%%22%20height%3D%22100%%22%20xmlns%3D%22http%3A%2F%2Fwww.w3.org%2F2000%2Fsvg%22%3E%3Crect%20width%3D%22100%%22%20height%3D%22100%%22%20fill%3D%22transparent%22%2F%3E%3C%2Fsvg%3E\" alt=\"\" srcset=\"https:\/\/mlhzlejwk6xn.i.optimole.com\/w:1024\/h:1024\/q:mauto\/f:best\/https:\/\/ogagnon.dectim.ca\/Team-TP2\/wordpress\/wp-content\/uploads\/2026\/04\/Copilot_20260407_124006.png 1024w, https:\/\/mlhzlejwk6xn.i.optimole.com\/w:300\/h:300\/q:mauto\/f:best\/https:\/\/ogagnon.dectim.ca\/Team-TP2\/wordpress\/wp-content\/uploads\/2026\/04\/Copilot_20260407_124006.png 300w, https:\/\/mlhzlejwk6xn.i.optimole.com\/w:150\/h:150\/q:mauto\/f:best\/https:\/\/ogagnon.dectim.ca\/Team-TP2\/wordpress\/wp-content\/uploads\/2026\/04\/Copilot_20260407_124006.png 150w, https:\/\/mlhzlejwk6xn.i.optimole.com\/w:768\/h:768\/q:mauto\/f:best\/https:\/\/ogagnon.dectim.ca\/Team-TP2\/wordpress\/wp-content\/uploads\/2026\/04\/Copilot_20260407_124006.png 768w\" sizes=\"(max-width: 1000px) 100vw, 1000px\" \/><\/figure>\n\n<h2 class=\"wp-block-heading has-text-align-center\">Exp\u00e9rience 4DX<\/h2>\n<div class=\"wp-block-group\">\n<div class=\"wp-block-buttons is-layout-flex wp-block-buttons-is-layout-flex\">\n<div class=\"wp-block-button\"><a class=\"wp-block-button__link has-background wp-element-button\" style=\"background-color: #ff9d00;\" href=\"https:\/\/ogagnon.dectim.ca\/Team-TP2\/wordpress\/fonctionnalite-2\/\">Voir les fonctionnalit\u00e9s<\/a><\/div>\n<\/div>\n<\/div>\n<\/div>\n<\/div>\n\n<h2 class=\"wp-block-heading has-text-align-center has-large-font-size\" style=\"margin-top: 0; margin-bottom: 0;\">T\u00e9moignages<\/h2>\n\n<div class=\"wp-block-columns is-layout-flex wp-container-core-columns-is-layout-28f84493 wp-block-columns-is-layout-flex\">\n<div class=\"wp-block-column is-vertically-aligned-center is-layout-flow wp-block-column-is-layout-flow\">\n<figure class=\"wp-block-image size-full is-resized has-custom-border\"><img decoding=\"async\" width=\"1184\" height=\"1024\" decoding=async data-opt-id=1856304924  data-opt-src=\"https:\/\/mlhzlejwk6xn.i.optimole.com\/w:auto\/h:auto\/q:mauto\/f:best\/https:\/\/ogagnon.dectim.ca\/Team-TP2\/wordpress\/wp-content\/uploads\/2026\/04\/Copilot_20260407_114755-1.jpg\"  class=\"wp-image-1003\" style=\"border-top-left-radius: 100px; border-top-right-radius: 0px; border-bottom-left-radius: 0px; border-bottom-right-radius: 100px; width: 1057px; height: auto;\" src=\"data:image\/svg+xml,%3Csvg%20viewBox%3D%220%200%20100%%20100%%22%20width%3D%22100%%22%20height%3D%22100%%22%20xmlns%3D%22http%3A%2F%2Fwww.w3.org%2F2000%2Fsvg%22%3E%3Crect%20width%3D%22100%%22%20height%3D%22100%%22%20fill%3D%22transparent%22%2F%3E%3C%2Fsvg%3E\" alt=\"\" srcset=\"https:\/\/mlhzlejwk6xn.i.optimole.com\/w:1184\/h:1024\/q:mauto\/f:best\/https:\/\/ogagnon.dectim.ca\/Team-TP2\/wordpress\/wp-content\/uploads\/2026\/04\/Copilot_20260407_114755-1.jpg 1184w, https:\/\/mlhzlejwk6xn.i.optimole.com\/w:300\/h:259\/q:mauto\/f:best\/https:\/\/ogagnon.dectim.ca\/Team-TP2\/wordpress\/wp-content\/uploads\/2026\/04\/Copilot_20260407_114755-1.jpg 300w, https:\/\/mlhzlejwk6xn.i.optimole.com\/w:1024\/h:886\/q:mauto\/f:best\/https:\/\/ogagnon.dectim.ca\/Team-TP2\/wordpress\/wp-content\/uploads\/2026\/04\/Copilot_20260407_114755-1.jpg 1024w, https:\/\/mlhzlejwk6xn.i.optimole.com\/w:768\/h:664\/q:mauto\/f:best\/https:\/\/ogagnon.dectim.ca\/Team-TP2\/wordpress\/wp-content\/uploads\/2026\/04\/Copilot_20260407_114755-1.jpg 768w\" sizes=\"(max-width: 1000px) 100vw, 1000px\" \/><\/figure>\n<\/div>\n\n<div class=\"wp-block-column is-vertically-aligned-center is-layout-flow wp-container-core-column-is-layout-f751d6c2 wp-block-column-is-layout-flow\">\n<div class=\"wp-block-uagb-blockquote uagb-block-9759464b uagb-blockquote__skin-border uagb-blockquote__with-tweet uagb-blockquote__tweet-style-classic uagb-blockquote__tweet-icon_text uagb-blockquote__stack-img-none\">\n<blockquote class=\"uagb-blockquote\">\n<div class=\"uagb-blockquote__content\">\u00ab J\u2019avais l\u2019impression d\u2019\u00eatre r\u00e9ellement ailleurs. Chaque d\u00e9tail \u00e9tait parfaitement synchronis\u00e9. \u00bb<\/div>\n<footer>\n<div class=\"uagb-blockquote__author-wrap uagb-blockquote__author-at-left\"><cite class=\"uagb-blockquote__author\">Johnny Mcboblejob<\/cite><\/div>\n<a class=\"uagb-blockquote__tweet-button\" href=\"\/\" target=\"_blank\" rel=\"noopener noreferrer\">Tweet<\/a><\/footer><\/blockquote>\n<\/div>\n\n<div class=\"wp-block-uagb-blockquote uagb-block-fae9e98e uagb-blockquote__skin-border uagb-blockquote__with-tweet uagb-blockquote__tweet-style-classic uagb-blockquote__tweet-icon_text uagb-blockquote__stack-img-none\">\n<blockquote class=\"uagb-blockquote\">\n<div class=\"uagb-blockquote__content\">\u00ab J\u2019avais l\u2019impression d\u2019\u00eatre r\u00e9ellement ailleurs. Chaque d\u00e9tail \u00e9tait parfaitement synchronis\u00e9. \u00bb<\/div>\n<footer>\n<div class=\"uagb-blockquote__author-wrap uagb-blockquote__author-at-left\"><cite class=\"uagb-blockquote__author\">Jean Guy Mangeau<\/cite><\/div>\n<a class=\"uagb-blockquote__tweet-button\" href=\"\/\" target=\"_blank\" rel=\"noopener noreferrer\">Tweet<\/a><\/footer><\/blockquote>\n<\/div>\n\n<div class=\"wp-block-uagb-blockquote uagb-block-1d9d105b uagb-blockquote__skin-border uagb-blockquote__with-tweet uagb-blockquote__tweet-style-classic uagb-blockquote__tweet-icon_text uagb-blockquote__stack-img-none\">\n<blockquote class=\"uagb-blockquote\">\n<div class=\"uagb-blockquote__content\">\u00ab Une exp\u00e9rience impressionnante, autant pour les adultes que pour les enfants. \u00bb<\/div>\n<footer>\n<div class=\"uagb-blockquote__author-wrap uagb-blockquote__author-at-left\"><cite class=\"uagb-blockquote__author\">Martine L\u00e9veill\u00e9<\/cite><\/div>\n<a class=\"uagb-blockquote__tweet-button\" href=\"\/\" target=\"_blank\" rel=\"noopener noreferrer\">Tweet<\/a><\/footer><\/blockquote>\n<\/div>\n<\/div>\n<\/div>\n\t\t\t\t\t\t\t\t<\/div>\n\t\t\t\t\t<\/div>\n\t\t\t\t<\/div>\n\t\t\t\t<\/div>\n\t\t","protected":false},"excerpt":{"rendered":"<p>Vivez l\u2019exp\u00e9rience. Ressentez l\u2019univers. Nous proposons des exp\u00e9riences immersives et interactives o\u00f9 l\u2019utilisateur devient acteur de l\u2019univers qu\u2019il explore. Gr\u00e2ce [&hellip;]<\/p>\n","protected":false},"author":3,"featured_media":0,"parent":0,"menu_order":0,"comment_status":"closed","ping_status":"closed","template":"","meta":{"_uag_custom_page_level_css":"","site-sidebar-layout":"default","site-content-layout":"","ast-site-content-layout":"default","site-content-style":"default","site-sidebar-style":"default","ast-global-header-display":"","ast-banner-title-visibility":"","ast-main-header-display":"","ast-hfb-above-header-display":"","ast-hfb-below-header-display":"","ast-hfb-mobile-header-display":"","site-post-title":"","ast-breadcrumbs-content":"","ast-featured-img":"","footer-sml-layout":"","ast-disable-related-posts":"","theme-transparent-header-meta":"","adv-header-id-meta":"","stick-header-meta":"","header-above-stick-meta":"","header-main-stick-meta":"","header-below-stick-meta":"","astra-migrate-meta-layouts":"default","ast-page-background-enabled":"default","ast-page-background-meta":{"desktop":{"background-color":"var(--ast-global-color-5)","background-image":"","background-repeat":"repeat","background-position":"center center","background-size":"auto","background-attachment":"scroll","background-type":"","background-media":"","overlay-type":"","overlay-color":"","overlay-opacity":"","overlay-gradient":""},"tablet":{"background-color":"","background-image":"","background-repeat":"repeat","background-position":"center center","background-size":"auto","background-attachment":"scroll","background-type":"","background-media":"","overlay-type":"","overlay-color":"","overlay-opacity":"","overlay-gradient":""},"mobile":{"background-color":"","background-image":"","background-repeat":"repeat","background-position":"center center","background-size":"auto","background-attachment":"scroll","background-type":"","background-media":"","overlay-type":"","overlay-color":"","overlay-opacity":"","overlay-gradient":""}},"ast-content-background-meta":{"desktop":{"background-color":"var(--ast-global-color-4)","background-image":"","background-repeat":"repeat","background-position":"center center","background-size":"auto","background-attachment":"scroll","background-type":"","background-media":"","overlay-type":"","overlay-color":"","overlay-opacity":"","overlay-gradient":""},"tablet":{"background-color":"var(--ast-global-color-4)","background-image":"","background-repeat":"repeat","background-position":"center center","background-size":"auto","background-attachment":"scroll","background-type":"","background-media":"","overlay-type":"","overlay-color":"","overlay-opacity":"","overlay-gradient":""},"mobile":{"background-color":"var(--ast-global-color-4)","background-image":"","background-repeat":"repeat","background-position":"center center","background-size":"auto","background-attachment":"scroll","background-type":"","background-media":"","overlay-type":"","overlay-color":"","overlay-opacity":"","overlay-gradient":""}},"footnotes":""},"class_list":["post-99","page","type-page","status-publish","hentry"],"uagb_featured_image_src":{"full":false,"thumbnail":false,"medium":false,"medium_large":false,"large":false,"1536x1536":false,"2048x2048":false},"uagb_author_info":{"display_name":"Raphael Pagny","author_link":"https:\/\/ogagnon.dectim.ca\/Team-TP2\/wordpress\/author\/raph\/"},"uagb_comment_info":0,"uagb_excerpt":"Vivez l\u2019exp\u00e9rience. Ressentez l\u2019univers. Nous proposons des exp\u00e9riences immersives et interactives o\u00f9 l\u2019utilisateur devient acteur de l\u2019univers qu\u2019il explore. Gr\u00e2ce [&hellip;]","_links":{"self":[{"href":"https:\/\/ogagnon.dectim.ca\/Team-TP2\/wordpress\/wp-json\/wp\/v2\/pages\/99","targetHints":{"allow":["GET"]}}],"collection":[{"href":"https:\/\/ogagnon.dectim.ca\/Team-TP2\/wordpress\/wp-json\/wp\/v2\/pages"}],"about":[{"href":"https:\/\/ogagnon.dectim.ca\/Team-TP2\/wordpress\/wp-json\/wp\/v2\/types\/page"}],"author":[{"embeddable":true,"href":"https:\/\/ogagnon.dectim.ca\/Team-TP2\/wordpress\/wp-json\/wp\/v2\/users\/3"}],"replies":[{"embeddable":true,"href":"https:\/\/ogagnon.dectim.ca\/Team-TP2\/wordpress\/wp-json\/wp\/v2\/comments?post=99"}],"version-history":[{"count":77,"href":"https:\/\/ogagnon.dectim.ca\/Team-TP2\/wordpress\/wp-json\/wp\/v2\/pages\/99\/revisions"}],"predecessor-version":[{"id":1358,"href":"https:\/\/ogagnon.dectim.ca\/Team-TP2\/wordpress\/wp-json\/wp\/v2\/pages\/99\/revisions\/1358"}],"wp:attachment":[{"href":"https:\/\/ogagnon.dectim.ca\/Team-TP2\/wordpress\/wp-json\/wp\/v2\/media?parent=99"}],"curies":[{"name":"wp","href":"https:\/\/api.w.org\/{rel}","templated":true}]}}