{"id":22,"date":"2026-02-10T10:22:34","date_gmt":"2026-02-10T15:22:34","guid":{"rendered":"https:\/\/ogagnon.dectim.ca\/Team-TP2\/wordpress\/?page_id=22"},"modified":"2026-04-27T14:43:16","modified_gmt":"2026-04-27T18:43:16","slug":"a-propos","status":"publish","type":"page","link":"https:\/\/ogagnon.dectim.ca\/Team-TP2\/wordpress\/a-propos\/","title":{"rendered":"\u00c0 Propos"},"content":{"rendered":"\t\t<div data-elementor-type=\"wp-page\" data-elementor-id=\"22\" class=\"elementor elementor-22\">\n\t\t\t\t<div class=\"elementor-element elementor-element-75dc3ff2 e-con-full e-flex e-con e-parent\" data-id=\"75dc3ff2\" data-element_type=\"container\" data-e-type=\"container\">\n\t\t\t\t<div class=\"elementor-element elementor-element-7aad26da elementor-widget elementor-widget-text-editor\" data-id=\"7aad26da\" data-element_type=\"widget\" data-e-type=\"widget\" data-widget_type=\"text-editor.default\">\n\t\t\t\t\t\t\t\t\t<div class=\"wp-block-cover is-light\">\n<p><img fetchpriority=\"high\" decoding=\"async\" decoding=async data-opt-id=633913499  fetchpriority=\"high\" class=\"wp-block-cover__image-background alignnone wp-image-1149 size-full\" src=\"https:\/\/mlhzlejwk6xn.i.optimole.com\/w:auto\/h:auto\/q:mauto\/f:best\/https:\/\/ogagnon.dectim.ca\/Team-TP2\/wordpress\/wp-content\/uploads\/2026\/04\/social-group-people-youth-community-team-student-1561197-pxhere.com_-scaled.jpg\" alt=\"\" width=\"2560\" height=\"1707\" data-object-fit=\"cover\" srcset=\"https:\/\/mlhzlejwk6xn.i.optimole.com\/w:1920\/h:1280\/q:mauto\/f:best\/https:\/\/ogagnon.dectim.ca\/Team-TP2\/wordpress\/wp-content\/uploads\/2026\/04\/social-group-people-youth-community-team-student-1561197-pxhere.com_-scaled.jpg 2560w, https:\/\/mlhzlejwk6xn.i.optimole.com\/w:300\/h:200\/q:mauto\/f:best\/https:\/\/ogagnon.dectim.ca\/Team-TP2\/wordpress\/wp-content\/uploads\/2026\/04\/social-group-people-youth-community-team-student-1561197-pxhere.com_-scaled.jpg 300w, https:\/\/mlhzlejwk6xn.i.optimole.com\/w:1024\/h:683\/q:mauto\/f:best\/https:\/\/ogagnon.dectim.ca\/Team-TP2\/wordpress\/wp-content\/uploads\/2026\/04\/social-group-people-youth-community-team-student-1561197-pxhere.com_-scaled.jpg 1024w, https:\/\/mlhzlejwk6xn.i.optimole.com\/w:768\/h:512\/q:mauto\/f:best\/https:\/\/ogagnon.dectim.ca\/Team-TP2\/wordpress\/wp-content\/uploads\/2026\/04\/social-group-people-youth-community-team-student-1561197-pxhere.com_-scaled.jpg 768w, https:\/\/mlhzlejwk6xn.i.optimole.com\/w:1536\/h:1024\/q:mauto\/f:best\/https:\/\/ogagnon.dectim.ca\/Team-TP2\/wordpress\/wp-content\/uploads\/2026\/04\/social-group-people-youth-community-team-student-1561197-pxhere.com_-scaled.jpg 1536w, https:\/\/mlhzlejwk6xn.i.optimole.com\/w:1920\/h:1279\/q:mauto\/f:best\/https:\/\/ogagnon.dectim.ca\/Team-TP2\/wordpress\/wp-content\/uploads\/2026\/04\/social-group-people-youth-community-team-student-1561197-pxhere.com_-scaled.jpg 2048w\" sizes=\"(max-width: 1000px) 100vw, 1000px\" \/><\/p>\n<div class=\"wp-block-cover__inner-container\">\n<p><!-- \/wp:uagb\/advanced-heading --><!-- wp:uagb\/marketing-button {\"block_id\":\"a37d28e5\",\"classMigrate\":true,\"showDescription\":false,\"backgroundType\":\"gradient\",\"titleColor\":\"#fff\",\"iconColor\":\"#fff\",\"prefixColor\":\"#fff\",\"paddingBtnTop\":10,\"paddingBtnBottom\":10,\"paddingBtnLeft\":35,\"paddingBtnRight\":35,\"btnBorderTopWidth\":2,\"btnBorderLeftWidth\":2,\"btnBorderRightWidth\":2,\"btnBorderBottomWidth\":2,\"btnBorderTopLeftRadius\":100,\"btnBorderTopRightRadius\":100,\"btnBorderBottomLeftRadius\":100,\"btnBorderBottomRightRadius\":100,\"btnBorderStyle\":\"none\",\"btnBorderColor\":\"#333\",\"UAGAnimationType\":\"zoom-in\"} --><\/p>\n<\/div>\n<\/div>\n<div class=\"wp-block-group alignfull\" style=\"margin-top: 0; margin-bottom: 0; padding-top: var(--wp--preset--spacing--80); padding-bottom: var(--wp--preset--spacing--80);\">\n<div class=\"wp-block-group alignwide\">\n<p><!-- \/wp:spacer --><!-- wp:social-links {\"iconColor\":\"contrast\",\"className\":\"has-icon-color is-style-logos-only\",\"layout\":{\"type\":\"flex\",\"justifyContent\":\"center\"}} --><\/p>\n<ul class=\"wp-block-social-links has-icon-color is-style-logos-only\"><!-- wp:social-link {\"url\":\"#\",\"service\":\"twitter\"} \/--><!-- wp:social-link {\"url\":\"#\",\"service\":\"facebook\"} \/--><!-- wp:social-link {\"url\":\"#\",\"service\":\"instagram\"} \/--><!-- wp:social-link {\"url\":\"#\",\"service\":\"pinterest\"} \/--><\/ul>\n<p><!-- \/wp:social-links --><\/p>\n<\/div>\n<p><!-- \/wp:group --><\/p>\n<\/div>\n<p><!-- \/wp:group --><\/p>\t\t\t\t\t\t\t\t<\/div>\n\t\t\t\t<\/div>\n\t\t<div class=\"elementor-element elementor-element-a34e66f e-flex e-con-boxed e-con e-parent\" data-id=\"a34e66f\" data-element_type=\"container\" data-e-type=\"container\">\n\t\t\t\t\t<div class=\"e-con-inner\">\n\t\t\t\t<div class=\"elementor-element elementor-element-38d9030 elementor-widget elementor-widget-text-editor\" data-id=\"38d9030\" data-element_type=\"widget\" data-e-type=\"widget\" data-widget_type=\"text-editor.default\">\n\t\t\t\t\t\t\t\t\t<h2>Notre mission<\/h2>\t\t\t\t\t\t\t\t<\/div>\n\t\t\t\t\t<\/div>\n\t\t\t\t<\/div>\n\t\t<div class=\"elementor-element elementor-element-fbce514 e-flex e-con-boxed e-con e-parent\" data-id=\"fbce514\" data-element_type=\"container\" data-e-type=\"container\">\n\t\t\t\t\t<div class=\"e-con-inner\">\n\t\t\t\t<div class=\"elementor-element elementor-element-71c4b7c elementor-widget elementor-widget-text-editor\" data-id=\"71c4b7c\" data-element_type=\"widget\" data-e-type=\"widget\" data-widget_type=\"text-editor.default\">\n\t\t\t\t\t\t\t\t\t<p class=\"wp-block-group\">Notre mission est de repousser les limites de l\u2019exp\u00e9rience immersive en cr\u00e9ant des exp\u00e9riences multisensorielles interactives qui donnent vie aux univers du cin\u00e9ma, du jeu vid\u00e9o et du divertissement.<\/p>\t\t\t\t\t\t\t\t<\/div>\n\t\t\t\t\t<\/div>\n\t\t\t\t<\/div>\n\t\t<div class=\"elementor-element elementor-element-d10096d e-flex e-con-boxed e-con e-parent\" data-id=\"d10096d\" data-element_type=\"container\" data-e-type=\"container\">\n\t\t\t\t\t<div class=\"e-con-inner\">\n\t\t\t\t<div class=\"elementor-element elementor-element-4a259d1 elementor-widget elementor-widget-text-editor\" data-id=\"4a259d1\" data-element_type=\"widget\" data-e-type=\"widget\" data-widget_type=\"text-editor.default\">\n\t\t\t\t\t\t\t\t\t<h1>Nos valeurs<\/h1>\t\t\t\t\t\t\t\t<\/div>\n\t\t\t\t\t<\/div>\n\t\t\t\t<\/div>\n\t\t<div class=\"elementor-element elementor-element-5bd3e3c e-flex e-con-boxed e-con e-parent\" data-id=\"5bd3e3c\" data-element_type=\"container\" data-e-type=\"container\">\n\t\t\t\t\t<div class=\"e-con-inner\">\n\t\t\t\t<div class=\"elementor-element elementor-element-87841d1 elementor-widget elementor-widget-text-editor\" data-id=\"87841d1\" data-element_type=\"widget\" data-e-type=\"widget\" data-widget_type=\"text-editor.default\">\n\t\t\t\t\t\t\t\t\t<div class=\"wp-block-group\">\n<div class=\"wp-block-group\">\n<p class=\"has-text-align-center\" style=\"text-align: left;\">L\u2019accessibilit\u00e9 est au c\u0153ur de nos valeurs : nous concevons des exp\u00e9riences inclusives, s\u00e9curitaires et adaptables \u00e0 tous. Nous aspirons \u00e0 vous \u00e9blouir \u00e0 chaque exp\u00e9rience de mani\u00e8re \u00e0 cr\u00e9er des souvenirs inoubliables.\u00a0<\/p>\n<\/div>\n<\/div>\t\t\t\t\t\t\t\t<\/div>\n\t\t\t\t\t<\/div>\n\t\t\t\t<\/div>\n\t\t<div class=\"elementor-element elementor-element-554f716 e-grid e-con-boxed e-con e-parent\" data-id=\"554f716\" data-element_type=\"container\" data-e-type=\"container\">\n\t\t\t\t\t<div class=\"e-con-inner\">\n\t\t\t\t<div class=\"elementor-element elementor-element-f3884e1 elementor-widget elementor-widget-image\" data-id=\"f3884e1\" data-element_type=\"widget\" data-e-type=\"widget\" data-widget_type=\"image.default\">\n\t\t\t\t\t\t\t\t\t\t\t\t\t\t\t<img data-opt-id=632258381  data-opt-src=\"https:\/\/mlhzlejwk6xn.i.optimole.com\/w:1024\/h:683\/q:mauto\/f:best\/https:\/\/ogagnon.dectim.ca\/Team-TP2\/wordpress\/wp-content\/uploads\/2026\/04\/ff374a1a-1eba-49cb-9f22-156cd75a580e.png\"  decoding=\"async\" width=\"1024\" height=\"683\" src=\"data:image/svg+xml,%3Csvg%20viewBox%3D%220%200%201024%20683%22%20width%3D%221024%22%20height%3D%22683%22%20xmlns%3D%22http%3A%2F%2Fwww.w3.org%2F2000%2Fsvg%22%3E%3Crect%20width%3D%221024%22%20height%3D%22683%22%20fill%3D%22transparent%22%2F%3E%3C%2Fsvg%3E\" class=\"attachment-large size-large wp-image-1263\" alt=\"\" old-srcset=\"https:\/\/mlhzlejwk6xn.i.optimole.com\/w:1536\/h:1024\/q:mauto\/f:best\/https:\/\/ogagnon.dectim.ca\/Team-TP2\/wordpress\/wp-content\/uploads\/2026\/04\/ff374a1a-1eba-49cb-9f22-156cd75a580e.png 1536w, https:\/\/mlhzlejwk6xn.i.optimole.com\/w:300\/h:200\/q:mauto\/f:best\/https:\/\/ogagnon.dectim.ca\/Team-TP2\/wordpress\/wp-content\/uploads\/2026\/04\/ff374a1a-1eba-49cb-9f22-156cd75a580e.png 300w, https:\/\/mlhzlejwk6xn.i.optimole.com\/w:1024\/h:683\/q:mauto\/f:best\/https:\/\/ogagnon.dectim.ca\/Team-TP2\/wordpress\/wp-content\/uploads\/2026\/04\/ff374a1a-1eba-49cb-9f22-156cd75a580e.png 1024w, https:\/\/mlhzlejwk6xn.i.optimole.com\/w:768\/h:512\/q:mauto\/f:best\/https:\/\/ogagnon.dectim.ca\/Team-TP2\/wordpress\/wp-content\/uploads\/2026\/04\/ff374a1a-1eba-49cb-9f22-156cd75a580e.png 768w\" \/>\t\t\t\t\t\t\t\t\t\t\t\t\t\t\t<\/div>\n\t\t\t\t<div class=\"elementor-element elementor-element-81e3cc4 elementor-widget elementor-widget-text-editor\" data-id=\"81e3cc4\" data-element_type=\"widget\" data-e-type=\"widget\" data-widget_type=\"text-editor.default\">\n\t\t\t\t\t\t\t\t\t<h1>Notre public cible<\/h1>\n<div class=\"wp-block-column is-vertically-aligned-center\">\n<div class=\"wp-block-group alignwide\">\n<p><span class=\"o-anim-typing-caret\">Ces installations s\u2019adressent \u00e0 un public de tous \u00e2ges, des enfants curieux aux adultes passionn\u00e9s, tous y trouvent une exp\u00e9rience adapt\u00e9e \u00e0 leurs besoins.<br \/>une exp\u00e9rience adapt\u00e9e \u00e0 leurs besoins.<\/span><\/p>\n<\/div>\n<p>\u00a0<\/p>\n<\/div>\t\t\t\t\t\t\t\t<\/div>\n\t\t\t\t<div class=\"elementor-element elementor-element-8082b41 elementor-widget elementor-widget-text-editor\" data-id=\"8082b41\" data-element_type=\"widget\" data-e-type=\"widget\" data-widget_type=\"text-editor.default\">\n\t\t\t\t\t\t\t\t\t<h1>Notre histoire<\/h1>\n<div class=\"wp-block-column is-vertically-aligned-center\">\n<p>Fond\u00e9e par une \u00e9quipe passionn\u00e9e d&rsquo;interactivit\u00e9 et d&rsquo;immersivit\u00e9, notre entreprise est n\u00e9e d\u2019un d\u00e9sir commun : rendre les exp\u00e9riences sensorielles de haute qualit\u00e9 accessibles au grand public.<\/p>\n<\/div>\t\t\t\t\t\t\t\t<\/div>\n\t\t\t\t<div class=\"elementor-element elementor-element-16deabc elementor-widget elementor-widget-image\" data-id=\"16deabc\" data-element_type=\"widget\" data-e-type=\"widget\" data-widget_type=\"image.default\">\n\t\t\t\t\t\t\t\t\t\t\t\t\t\t\t<img data-opt-id=845281210  data-opt-src=\"https:\/\/mlhzlejwk6xn.i.optimole.com\/w:576\/h:384\/q:mauto\/f:best\/https:\/\/ogagnon.dectim.ca\/Team-TP2\/wordpress\/wp-content\/uploads\/2026\/04\/BCO.29226856-db93-4dd1-9137-aa57470ae0c6.png\"  decoding=\"async\" width=\"576\" height=\"384\" src=\"data:image/svg+xml,%3Csvg%20viewBox%3D%220%200%20576%20384%22%20width%3D%22576%22%20height%3D%22384%22%20xmlns%3D%22http%3A%2F%2Fwww.w3.org%2F2000%2Fsvg%22%3E%3Crect%20width%3D%22576%22%20height%3D%22384%22%20fill%3D%22transparent%22%2F%3E%3C%2Fsvg%3E\" class=\"attachment-large size-large wp-image-1150\" alt=\"\" old-srcset=\"https:\/\/mlhzlejwk6xn.i.optimole.com\/w:576\/h:384\/q:mauto\/f:best\/https:\/\/ogagnon.dectim.ca\/Team-TP2\/wordpress\/wp-content\/uploads\/2026\/04\/BCO.29226856-db93-4dd1-9137-aa57470ae0c6.png 576w, https:\/\/mlhzlejwk6xn.i.optimole.com\/w:300\/h:200\/q:mauto\/f:best\/https:\/\/ogagnon.dectim.ca\/Team-TP2\/wordpress\/wp-content\/uploads\/2026\/04\/BCO.29226856-db93-4dd1-9137-aa57470ae0c6.png 300w\" \/>\t\t\t\t\t\t\t\t\t\t\t\t\t\t\t<\/div>\n\t\t\t\t\t<\/div>\n\t\t\t\t<\/div>\n\t\t\t\t<\/div>\n\t\t","protected":false},"excerpt":{"rendered":"<p>Notre mission Notre mission est de repousser les limites de l\u2019exp\u00e9rience immersive en cr\u00e9ant des exp\u00e9riences multisensorielles interactives qui donnent [&hellip;]<\/p>\n","protected":false},"author":3,"featured_media":0,"parent":0,"menu_order":0,"comment_status":"closed","ping_status":"closed","template":"","meta":{"_uag_custom_page_level_css":"","site-sidebar-layout":"default","site-content-layout":"","ast-site-content-layout":"default","site-content-style":"default","site-sidebar-style":"default","ast-global-header-display":"","ast-banner-title-visibility":"","ast-main-header-display":"","ast-hfb-above-header-display":"","ast-hfb-below-header-display":"","ast-hfb-mobile-header-display":"","site-post-title":"","ast-breadcrumbs-content":"","ast-featured-img":"","footer-sml-layout":"","ast-disable-related-posts":"","theme-transparent-header-meta":"","adv-header-id-meta":"","stick-header-meta":"","header-above-stick-meta":"","header-main-stick-meta":"","header-below-stick-meta":"","astra-migrate-meta-layouts":"default","ast-page-background-enabled":"default","ast-page-background-meta":{"desktop":{"background-color":"var(--ast-global-color-5)","background-image":"","background-repeat":"repeat","background-position":"center center","background-size":"auto","background-attachment":"scroll","background-type":"","background-media":"","overlay-type":"","overlay-color":"","overlay-opacity":"","overlay-gradient":""},"tablet":{"background-color":"","background-image":"","background-repeat":"repeat","background-position":"center center","background-size":"auto","background-attachment":"scroll","background-type":"","background-media":"","overlay-type":"","overlay-color":"","overlay-opacity":"","overlay-gradient":""},"mobile":{"background-color":"","background-image":"","background-repeat":"repeat","background-position":"center center","background-size":"auto","background-attachment":"scroll","background-type":"","background-media":"","overlay-type":"","overlay-color":"","overlay-opacity":"","overlay-gradient":""}},"ast-content-background-meta":{"desktop":{"background-color":"var(--ast-global-color-4)","background-image":"","background-repeat":"repeat","background-position":"center center","background-size":"auto","background-attachment":"scroll","background-type":"","background-media":"","overlay-type":"","overlay-color":"","overlay-opacity":"","overlay-gradient":""},"tablet":{"background-color":"var(--ast-global-color-4)","background-image":"","background-repeat":"repeat","background-position":"center center","background-size":"auto","background-attachment":"scroll","background-type":"","background-media":"","overlay-type":"","overlay-color":"","overlay-opacity":"","overlay-gradient":""},"mobile":{"background-color":"var(--ast-global-color-4)","background-image":"","background-repeat":"repeat","background-position":"center center","background-size":"auto","background-attachment":"scroll","background-type":"","background-media":"","overlay-type":"","overlay-color":"","overlay-opacity":"","overlay-gradient":""}},"footnotes":""},"class_list":["post-22","page","type-page","status-publish","hentry"],"uagb_featured_image_src":{"full":false,"thumbnail":false,"medium":false,"medium_large":false,"large":false,"1536x1536":false,"2048x2048":false},"uagb_author_info":{"display_name":"Raphael Pagny","author_link":"https:\/\/ogagnon.dectim.ca\/Team-TP2\/wordpress\/author\/raph\/"},"uagb_comment_info":0,"uagb_excerpt":"Notre mission Notre mission est de repousser les limites de l\u2019exp\u00e9rience immersive en cr\u00e9ant des exp\u00e9riences multisensorielles interactives qui donnent [&hellip;]","_links":{"self":[{"href":"https:\/\/ogagnon.dectim.ca\/Team-TP2\/wordpress\/wp-json\/wp\/v2\/pages\/22","targetHints":{"allow":["GET"]}}],"collection":[{"href":"https:\/\/ogagnon.dectim.ca\/Team-TP2\/wordpress\/wp-json\/wp\/v2\/pages"}],"about":[{"href":"https:\/\/ogagnon.dectim.ca\/Team-TP2\/wordpress\/wp-json\/wp\/v2\/types\/page"}],"author":[{"embeddable":true,"href":"https:\/\/ogagnon.dectim.ca\/Team-TP2\/wordpress\/wp-json\/wp\/v2\/users\/3"}],"replies":[{"embeddable":true,"href":"https:\/\/ogagnon.dectim.ca\/Team-TP2\/wordpress\/wp-json\/wp\/v2\/comments?post=22"}],"version-history":[{"count":90,"href":"https:\/\/ogagnon.dectim.ca\/Team-TP2\/wordpress\/wp-json\/wp\/v2\/pages\/22\/revisions"}],"predecessor-version":[{"id":1337,"href":"https:\/\/ogagnon.dectim.ca\/Team-TP2\/wordpress\/wp-json\/wp\/v2\/pages\/22\/revisions\/1337"}],"wp:attachment":[{"href":"https:\/\/ogagnon.dectim.ca\/Team-TP2\/wordpress\/wp-json\/wp\/v2\/media?parent=22"}],"curies":[{"name":"wp","href":"https:\/\/api.w.org\/{rel}","templated":true}]}}