{"id":167,"date":"2026-02-17T10:37:26","date_gmt":"2026-02-17T15:37:26","guid":{"rendered":"https:\/\/ogagnon.dectim.ca\/Team-TP2\/wordpress\/?page_id=167"},"modified":"2026-04-27T14:00:11","modified_gmt":"2026-04-27T18:00:11","slug":"projet-3-reacteur-interactif","status":"publish","type":"page","link":"https:\/\/ogagnon.dectim.ca\/Team-TP2\/wordpress\/projet-3-reacteur-interactif\/","title":{"rendered":"Projet 3 \u2014 Kamille"},"content":{"rendered":"\n<div class=\"wp-block-group is-nowrap is-layout-flex wp-container-core-group-is-layout-6a3858a2 wp-block-group-is-layout-flex\">\n<div class=\"wp-block-cover\" style=\"margin-top:0;margin-bottom:0;padding-right:var(--wp--preset--spacing--80);padding-left:var(--wp--preset--spacing--80)\"><img data-opt-id=1057355231  fetchpriority=\"high\" decoding=\"async\" width=\"960\" height=\"540\" class=\"wp-block-cover__image-background wp-image-843 size-full\" alt=\"\" src=\"https:\/\/mlhzlejwk6xn.i.optimole.com\/w:auto\/h:auto\/q:mauto\/f:best\/https:\/\/ogagnon.dectim.ca\/Team-TP2\/wordpress\/wp-content\/uploads\/2026\/03\/0254.png\" data-object-fit=\"cover\" srcset=\"https:\/\/mlhzlejwk6xn.i.optimole.com\/w:960\/h:540\/q:mauto\/f:best\/https:\/\/ogagnon.dectim.ca\/Team-TP2\/wordpress\/wp-content\/uploads\/2026\/03\/0254.png 960w, https:\/\/mlhzlejwk6xn.i.optimole.com\/w:300\/h:169\/q:mauto\/f:best\/https:\/\/ogagnon.dectim.ca\/Team-TP2\/wordpress\/wp-content\/uploads\/2026\/03\/0254.png 300w, https:\/\/mlhzlejwk6xn.i.optimole.com\/w:768\/h:432\/q:mauto\/f:best\/https:\/\/ogagnon.dectim.ca\/Team-TP2\/wordpress\/wp-content\/uploads\/2026\/03\/0254.png 768w\" sizes=\"(max-width: 960px) 100vw, 960px\" \/><span aria-hidden=\"true\" class=\"wp-block-cover__background has-background-dim\" style=\"background-color:#827d82\"><\/span><div class=\"wp-block-cover__inner-container is-layout-constrained wp-container-core-cover-is-layout-eba7f4ed wp-block-cover-is-layout-constrained\">\n<p class=\"has-text-align-center has-large-font-size\">Atterrissage d&rsquo;urgence<\/p>\n<\/div><\/div>\n\n\n\n<div class=\"wp-block-group is-vertical is-layout-flex wp-container-core-group-is-layout-fe9cc265 wp-block-group-is-layout-flex\">\n<h2 class=\"wp-block-heading\">Projet \u00e9tudiant<\/h2>\n\n\n\n<p>Ceci est un projet \u00e9tudiant r\u00e9alis\u00e9 dans le cadre du cours d&rsquo;animation multim\u00e9dia de la technique d&rsquo;int\u00e9gration multim\u00e9dia. L&rsquo;objectif du projet \u00e9tait de mod\u00e9liser et texturer un vaisseau, pour ensuite l&rsquo;animer dans un environnement \u00e9galement mod\u00e9lis\u00e9 en 3D.<\/p>\n\n\n\n<div class=\"wp-block-group is-nowrap is-layout-flex wp-container-core-group-is-layout-6c531013 wp-block-group-is-layout-flex\">\n<p><em>Animation<\/em><\/p>\n\n\n\n<p><em>Textures proc\u00e9durales<\/em><\/p>\n\n\n\n<p><em>Mod\u00e9lisation 3D<\/em><\/p>\n\n\n\n<p><em>Montage<\/em><\/p>\n<\/div>\n<\/div>\n<\/div>\n\n\n\n<div class=\"wp-block-group is-nowrap is-layout-flex wp-container-core-group-is-layout-6c531013 wp-block-group-is-layout-flex\">\n<div class=\"wp-block-group is-vertical is-layout-flex wp-container-core-group-is-layout-fe9cc265 wp-block-group-is-layout-flex\">\n<figure class=\"wp-block-image size-medium\"><img data-opt-id=1593712055  fetchpriority=\"high\" decoding=\"async\" width=\"300\" height=\"174\" src=\"https:\/\/mlhzlejwk6xn.i.optimole.com\/w:300\/h:174\/q:mauto\/f:best\/https:\/\/ogagnon.dectim.ca\/Team-TP2\/wordpress\/wp-content\/uploads\/2026\/03\/Capture-decran-2026-02-27-142915.png\" alt=\"\" class=\"wp-image-875\" style=\"aspect-ratio:4\/3;object-fit:cover\" srcset=\"https:\/\/mlhzlejwk6xn.i.optimole.com\/w:300\/h:174\/q:mauto\/f:best\/https:\/\/ogagnon.dectim.ca\/Team-TP2\/wordpress\/wp-content\/uploads\/2026\/03\/Capture-decran-2026-02-27-142915.png 300w, https:\/\/mlhzlejwk6xn.i.optimole.com\/w:621\/h:361\/q:mauto\/f:best\/https:\/\/ogagnon.dectim.ca\/Team-TP2\/wordpress\/wp-content\/uploads\/2026\/03\/Capture-decran-2026-02-27-142915.png 621w\" sizes=\"(max-width: 300px) 100vw, 300px\" \/><\/figure>\n\n\n\n<ol class=\"wp-block-list\">\n<li>  Mod\u00e9lisation<\/li>\n<\/ol>\n<\/div>\n\n\n\n<div class=\"wp-block-group is-vertical is-layout-flex wp-container-core-group-is-layout-fe9cc265 wp-block-group-is-layout-flex\">\n<figure class=\"wp-block-image size-medium\"><img data-opt-id=540270100  data-opt-src=\"https:\/\/mlhzlejwk6xn.i.optimole.com\/w:300\/h:162\/q:mauto\/f:best\/https:\/\/ogagnon.dectim.ca\/Team-TP2\/wordpress\/wp-content\/uploads\/2026\/03\/Capture-decran-2026-03-23-152336.png\"  decoding=\"async\" width=\"300\" height=\"162\" src=\"data:image/svg+xml,%3Csvg%20viewBox%3D%220%200%20300%20162%22%20width%3D%22300%22%20height%3D%22162%22%20xmlns%3D%22http%3A%2F%2Fwww.w3.org%2F2000%2Fsvg%22%3E%3Crect%20width%3D%22300%22%20height%3D%22162%22%20fill%3D%22transparent%22%2F%3E%3C%2Fsvg%3E\" alt=\"\" class=\"wp-image-877\" style=\"aspect-ratio:4\/3;object-fit:cover\" old-srcset=\"https:\/\/mlhzlejwk6xn.i.optimole.com\/w:300\/h:162\/q:mauto\/f:best\/https:\/\/ogagnon.dectim.ca\/Team-TP2\/wordpress\/wp-content\/uploads\/2026\/03\/Capture-decran-2026-03-23-152336.png 300w, https:\/\/mlhzlejwk6xn.i.optimole.com\/w:707\/h:382\/q:mauto\/f:best\/https:\/\/ogagnon.dectim.ca\/Team-TP2\/wordpress\/wp-content\/uploads\/2026\/03\/Capture-decran-2026-03-23-152336.png 707w\" \/><\/figure>\n\n\n\n<p>2. \u00c9clairage et textures<\/p>\n<\/div>\n\n\n\n<div class=\"wp-block-group is-vertical is-layout-flex wp-container-core-group-is-layout-fe9cc265 wp-block-group-is-layout-flex\">\n<figure class=\"wp-block-image size-medium\"><img data-opt-id=2109301813  data-opt-src=\"https:\/\/mlhzlejwk6xn.i.optimole.com\/w:300\/h:177\/q:mauto\/f:best\/https:\/\/ogagnon.dectim.ca\/Team-TP2\/wordpress\/wp-content\/uploads\/2026\/03\/Capture-decran-2026-03-23-153014.png\"  loading=\"lazy\" decoding=\"async\" width=\"300\" height=\"177\" src=\"data:image/svg+xml,%3Csvg%20viewBox%3D%220%200%20300%20177%22%20width%3D%22300%22%20height%3D%22177%22%20xmlns%3D%22http%3A%2F%2Fwww.w3.org%2F2000%2Fsvg%22%3E%3Crect%20width%3D%22300%22%20height%3D%22177%22%20fill%3D%22transparent%22%2F%3E%3C%2Fsvg%3E\" alt=\"\" class=\"wp-image-878\" style=\"aspect-ratio:4\/3;object-fit:cover\" old-srcset=\"https:\/\/mlhzlejwk6xn.i.optimole.com\/w:300\/h:177\/q:mauto\/f:best\/https:\/\/ogagnon.dectim.ca\/Team-TP2\/wordpress\/wp-content\/uploads\/2026\/03\/Capture-decran-2026-03-23-153014.png 300w, https:\/\/mlhzlejwk6xn.i.optimole.com\/w:1024\/h:605\/q:mauto\/f:best\/https:\/\/ogagnon.dectim.ca\/Team-TP2\/wordpress\/wp-content\/uploads\/2026\/03\/Capture-decran-2026-03-23-153014.png 1024w, https:\/\/mlhzlejwk6xn.i.optimole.com\/w:768\/h:454\/q:mauto\/f:best\/https:\/\/ogagnon.dectim.ca\/Team-TP2\/wordpress\/wp-content\/uploads\/2026\/03\/Capture-decran-2026-03-23-153014.png 768w, https:\/\/mlhzlejwk6xn.i.optimole.com\/w:1517\/h:897\/q:mauto\/f:best\/https:\/\/ogagnon.dectim.ca\/Team-TP2\/wordpress\/wp-content\/uploads\/2026\/03\/Capture-decran-2026-03-23-153014.png 1517w\" \/><\/figure>\n\n\n\n<p>3. Montage s\u00e9quence<\/p>\n<\/div>\n\n\n\n<div class=\"wp-block-group is-vertical is-layout-flex wp-container-core-group-is-layout-fe9cc265 wp-block-group-is-layout-flex\">\n<figure class=\"wp-block-image size-medium\"><img data-opt-id=1533130208  data-opt-src=\"https:\/\/mlhzlejwk6xn.i.optimole.com\/w:300\/h:125\/q:mauto\/f:best\/https:\/\/ogagnon.dectim.ca\/Team-TP2\/wordpress\/wp-content\/uploads\/2026\/03\/Capture-decran-2026-03-23-152835.png\"  loading=\"lazy\" decoding=\"async\" width=\"300\" height=\"125\" src=\"data:image/svg+xml,%3Csvg%20viewBox%3D%220%200%20300%20125%22%20width%3D%22300%22%20height%3D%22125%22%20xmlns%3D%22http%3A%2F%2Fwww.w3.org%2F2000%2Fsvg%22%3E%3Crect%20width%3D%22300%22%20height%3D%22125%22%20fill%3D%22transparent%22%2F%3E%3C%2Fsvg%3E\" alt=\"\" class=\"wp-image-879\" style=\"aspect-ratio:4\/3;object-fit:cover\" old-srcset=\"https:\/\/mlhzlejwk6xn.i.optimole.com\/w:300\/h:125\/q:mauto\/f:best\/https:\/\/ogagnon.dectim.ca\/Team-TP2\/wordpress\/wp-content\/uploads\/2026\/03\/Capture-decran-2026-03-23-152835.png 300w, https:\/\/mlhzlejwk6xn.i.optimole.com\/w:1024\/h:427\/q:mauto\/f:best\/https:\/\/ogagnon.dectim.ca\/Team-TP2\/wordpress\/wp-content\/uploads\/2026\/03\/Capture-decran-2026-03-23-152835.png 1024w, https:\/\/mlhzlejwk6xn.i.optimole.com\/w:768\/h:320\/q:mauto\/f:best\/https:\/\/ogagnon.dectim.ca\/Team-TP2\/wordpress\/wp-content\/uploads\/2026\/03\/Capture-decran-2026-03-23-152835.png 768w, https:\/\/mlhzlejwk6xn.i.optimole.com\/w:1027\/h:428\/q:mauto\/f:best\/https:\/\/ogagnon.dectim.ca\/Team-TP2\/wordpress\/wp-content\/uploads\/2026\/03\/Capture-decran-2026-03-23-152835.png 1027w\" \/><\/figure>\n\n\n\n<p>4. Montage sonore<\/p>\n<\/div>\n<\/div>\n\n\n\n<div data-aos= \"fade-up\" data-aos-duration=\"400\" data-aos-delay=\"0\" data-aos-easing=\"ease\" data-aos-once=\"true\" class=\"wp-block-uagb-advanced-heading uagb-block-ca5c1312\"><h2 class=\"uagb-heading-text\">D\u00e9fis rencontr\u00e9s<\/h2><\/div>\n\n\n\n<div class=\"wp-block-uagb-container uagb-block-e5bb092f alignfull uagb-is-root-container\"><div class=\"uagb-container-inner-blocks-wrap\">\n<div data-aos= \"fade-up\" data-aos-duration=\"400\" data-aos-delay=\"0\" data-aos-easing=\"ease\" data-aos-once=\"true\" class=\"wp-block-uagb-advanced-heading uagb-block-8b69af12\"><p class=\"uagb-heading-text\">Lors de la r\u00e9alisation de ce projet, j&rsquo;ai rencontr\u00e9 un probl\u00e8me lorsque j&rsquo;ai voulu anim\u00e9 mon vaisseau \u00e0 la fin du chemin que je lui ai assign\u00e9. J&rsquo;ai donc essay\u00e9 la technique de \u00ab\u00a0baking\u00a0\u00bb de mon animation, afin de garder les mouvements du vaisseau, en faisant disparra\u00eetre le chemin. Cette alternative n&rsquo;as pas fonctionn\u00e9e, j&rsquo;ai donc d\u00fb me r\u00e9signer \u00e0 une animation de base, utilisant la position en X,Y et Z pour animer l&rsquo;atterissage.<\/p><\/div>\n<\/div><\/div>\n\n\n\n<figure class=\"wp-block-embed is-type-video is-provider-youtube wp-block-embed-youtube wp-embed-aspect-16-9 wp-has-aspect-ratio\"><div class=\"wp-block-embed__wrapper\">\n<iframe title=\"Projet l&#039;engin\" width=\"500\" height=\"281\" src=\"https:\/\/www.youtube.com\/embed\/2se3g2nR7E4?feature=oembed\" frameborder=\"0\" allow=\"accelerometer; autoplay; clipboard-write; encrypted-media; gyroscope; picture-in-picture; web-share\" referrerpolicy=\"strict-origin-when-cross-origin\" allowfullscreen><\/iframe>\n<\/div><\/figure>\n\n\n\n<p><\/p>\n","protected":false},"excerpt":{"rendered":"<p>Projet \u00e9tudiant Ceci est un projet \u00e9tudiant r\u00e9alis\u00e9 dans le cadre du cours d&rsquo;animation multim\u00e9dia de la technique d&rsquo;int\u00e9gration multim\u00e9dia. [&hellip;]<\/p>\n","protected":false},"author":2,"featured_media":0,"parent":0,"menu_order":0,"comment_status":"closed","ping_status":"closed","template":"","meta":{"_uag_custom_page_level_css":"","site-sidebar-layout":"default","site-content-layout":"","ast-site-content-layout":"default","site-content-style":"default","site-sidebar-style":"default","ast-global-header-display":"","ast-banner-title-visibility":"","ast-main-header-display":"","ast-hfb-above-header-display":"","ast-hfb-below-header-display":"","ast-hfb-mobile-header-display":"","site-post-title":"","ast-breadcrumbs-content":"","ast-featured-img":"","footer-sml-layout":"","ast-disable-related-posts":"","theme-transparent-header-meta":"","adv-header-id-meta":"","stick-header-meta":"","header-above-stick-meta":"","header-main-stick-meta":"","header-below-stick-meta":"","astra-migrate-meta-layouts":"default","ast-page-background-enabled":"default","ast-page-background-meta":{"desktop":{"background-color":"var(--ast-global-color-5)","background-image":"","background-repeat":"repeat","background-position":"center center","background-size":"auto","background-attachment":"scroll","background-type":"","background-media":"","overlay-type":"","overlay-color":"","overlay-opacity":"","overlay-gradient":""},"tablet":{"background-color":"","background-image":"","background-repeat":"repeat","background-position":"center center","background-size":"auto","background-attachment":"scroll","background-type":"","background-media":"","overlay-type":"","overlay-color":"","overlay-opacity":"","overlay-gradient":""},"mobile":{"background-color":"","background-image":"","background-repeat":"repeat","background-position":"center center","background-size":"auto","background-attachment":"scroll","background-type":"","background-media":"","overlay-type":"","overlay-color":"","overlay-opacity":"","overlay-gradient":""}},"ast-content-background-meta":{"desktop":{"background-color":"var(--ast-global-color-4)","background-image":"","background-repeat":"repeat","background-position":"center center","background-size":"auto","background-attachment":"scroll","background-type":"","background-media":"","overlay-type":"","overlay-color":"","overlay-opacity":"","overlay-gradient":""},"tablet":{"background-color":"var(--ast-global-color-4)","background-image":"","background-repeat":"repeat","background-position":"center center","background-size":"auto","background-attachment":"scroll","background-type":"","background-media":"","overlay-type":"","overlay-color":"","overlay-opacity":"","overlay-gradient":""},"mobile":{"background-color":"var(--ast-global-color-4)","background-image":"","background-repeat":"repeat","background-position":"center center","background-size":"auto","background-attachment":"scroll","background-type":"","background-media":"","overlay-type":"","overlay-color":"","overlay-opacity":"","overlay-gradient":""}},"footnotes":""},"class_list":["post-167","page","type-page","status-publish","hentry"],"uagb_featured_image_src":{"full":false,"thumbnail":false,"medium":false,"medium_large":false,"large":false,"1536x1536":false,"2048x2048":false},"uagb_author_info":{"display_name":"Kamille Daoust","author_link":"https:\/\/ogagnon.dectim.ca\/Team-TP2\/wordpress\/author\/chamomille\/"},"uagb_comment_info":0,"uagb_excerpt":"Projet \u00e9tudiant Ceci est un projet \u00e9tudiant r\u00e9alis\u00e9 dans le cadre du cours d&rsquo;animation multim\u00e9dia de la technique d&rsquo;int\u00e9gration multim\u00e9dia. [&hellip;]","_links":{"self":[{"href":"https:\/\/ogagnon.dectim.ca\/Team-TP2\/wordpress\/wp-json\/wp\/v2\/pages\/167","targetHints":{"allow":["GET"]}}],"collection":[{"href":"https:\/\/ogagnon.dectim.ca\/Team-TP2\/wordpress\/wp-json\/wp\/v2\/pages"}],"about":[{"href":"https:\/\/ogagnon.dectim.ca\/Team-TP2\/wordpress\/wp-json\/wp\/v2\/types\/page"}],"author":[{"embeddable":true,"href":"https:\/\/ogagnon.dectim.ca\/Team-TP2\/wordpress\/wp-json\/wp\/v2\/users\/2"}],"replies":[{"embeddable":true,"href":"https:\/\/ogagnon.dectim.ca\/Team-TP2\/wordpress\/wp-json\/wp\/v2\/comments?post=167"}],"version-history":[{"count":10,"href":"https:\/\/ogagnon.dectim.ca\/Team-TP2\/wordpress\/wp-json\/wp\/v2\/pages\/167\/revisions"}],"predecessor-version":[{"id":1320,"href":"https:\/\/ogagnon.dectim.ca\/Team-TP2\/wordpress\/wp-json\/wp\/v2\/pages\/167\/revisions\/1320"}],"wp:attachment":[{"href":"https:\/\/ogagnon.dectim.ca\/Team-TP2\/wordpress\/wp-json\/wp\/v2\/media?parent=167"}],"curies":[{"name":"wp","href":"https:\/\/api.w.org\/{rel}","templated":true}]}}