{"id":165,"date":"2026-02-17T10:37:14","date_gmt":"2026-02-17T15:37:14","guid":{"rendered":"https:\/\/ogagnon.dectim.ca\/Team-TP2\/wordpress\/?page_id=165"},"modified":"2026-04-27T13:59:28","modified_gmt":"2026-04-27T17:59:28","slug":"projet-2-parcours-sensoriel-urbain","status":"publish","type":"page","link":"https:\/\/ogagnon.dectim.ca\/Team-TP2\/wordpress\/projet-2-parcours-sensoriel-urbain\/","title":{"rendered":"Projet 2 \u2014 Rapha\u00ebl"},"content":{"rendered":"\n<div class=\"wp-block-group is-nowrap is-layout-flex wp-container-core-group-is-layout-6a3858a2 wp-block-group-is-layout-flex\">\n<div class=\"wp-block-cover\" style=\"margin-top:0;margin-bottom:0;padding-right:var(--wp--preset--spacing--80);padding-left:var(--wp--preset--spacing--80)\"><img data-opt-id=359563165  fetchpriority=\"high\" decoding=\"async\" width=\"981\" height=\"848\" class=\"wp-block-cover__image-background wp-image-826 size-full\" alt=\"\" src=\"https:\/\/mlhzlejwk6xn.i.optimole.com\/w:auto\/h:auto\/q:mauto\/f:best\/https:\/\/ogagnon.dectim.ca\/Team-TP2\/wordpress\/wp-content\/uploads\/2026\/03\/jxgesbmaegqsnqko9kbt.webp\" data-object-fit=\"cover\" srcset=\"https:\/\/mlhzlejwk6xn.i.optimole.com\/w:981\/h:848\/q:mauto\/f:best\/https:\/\/ogagnon.dectim.ca\/Team-TP2\/wordpress\/wp-content\/uploads\/2026\/03\/jxgesbmaegqsnqko9kbt.webp 981w, https:\/\/mlhzlejwk6xn.i.optimole.com\/w:300\/h:259\/q:mauto\/f:best\/https:\/\/ogagnon.dectim.ca\/Team-TP2\/wordpress\/wp-content\/uploads\/2026\/03\/jxgesbmaegqsnqko9kbt.webp 300w, https:\/\/mlhzlejwk6xn.i.optimole.com\/w:768\/h:664\/q:mauto\/f:best\/https:\/\/ogagnon.dectim.ca\/Team-TP2\/wordpress\/wp-content\/uploads\/2026\/03\/jxgesbmaegqsnqko9kbt.webp 768w\" sizes=\"(max-width: 981px) 100vw, 981px\" \/><span aria-hidden=\"true\" class=\"wp-block-cover__background has-background-dim\" style=\"background-color:#3d1825\"><\/span><div class=\"wp-block-cover__inner-container is-layout-constrained wp-container-core-cover-is-layout-eba7f4ed wp-block-cover-is-layout-constrained\">\n<p class=\"has-text-align-center has-large-font-size\">Le Tombeau Maudit<\/p>\n<\/div><\/div>\n\n\n\n<div class=\"wp-block-group is-vertical is-layout-flex wp-container-core-group-is-layout-fe9cc265 wp-block-group-is-layout-flex\">\n<h2 class=\"wp-block-heading\">Le Tombeau Maudit<\/h2>\n\n\n\n<p>Ce projet a \u00e9t\u00e9 r\u00e9alis\u00e9 dans le cadre du cours d\u2019animation multim\u00e9dia avec Blender.<\/p>\n\n\n\n<div class=\"wp-block-group is-nowrap is-layout-flex wp-container-core-group-is-layout-6c531013 wp-block-group-is-layout-flex\">\n<p><em>Animation<\/em><\/p>\n\n\n\n<p><em>Textures proc\u00e9durales<\/em><\/p>\n\n\n\n<p><em>Mod\u00e9lisation 3D<\/em><\/p>\n\n\n\n<p><em>Montage<\/em><\/p>\n<\/div>\n<\/div>\n<\/div>\n\n\n\n<div class=\"wp-block-group is-nowrap is-layout-flex wp-container-core-group-is-layout-6c531013 wp-block-group-is-layout-flex\">\n<div class=\"wp-block-group is-vertical is-layout-flex wp-container-core-group-is-layout-fe9cc265 wp-block-group-is-layout-flex\">\n<figure class=\"wp-block-image size-medium\"><img data-opt-id=2051439342  fetchpriority=\"high\" decoding=\"async\" width=\"300\" height=\"256\" src=\"https:\/\/mlhzlejwk6xn.i.optimole.com\/w:300\/h:256\/q:mauto\/f:best\/https:\/\/ogagnon.dectim.ca\/Team-TP2\/wordpress\/wp-content\/uploads\/2026\/03\/Capture-decran-2026-03-03-003004.webp\" alt=\"\" class=\"wp-image-885\" style=\"aspect-ratio:4\/3;object-fit:cover\" srcset=\"https:\/\/mlhzlejwk6xn.i.optimole.com\/w:300\/h:256\/q:mauto\/f:best\/https:\/\/ogagnon.dectim.ca\/Team-TP2\/wordpress\/wp-content\/uploads\/2026\/03\/Capture-decran-2026-03-03-003004.webp 300w, https:\/\/mlhzlejwk6xn.i.optimole.com\/w:1024\/h:874\/q:mauto\/f:best\/https:\/\/ogagnon.dectim.ca\/Team-TP2\/wordpress\/wp-content\/uploads\/2026\/03\/Capture-decran-2026-03-03-003004.webp 1024w, https:\/\/mlhzlejwk6xn.i.optimole.com\/w:768\/h:655\/q:mauto\/f:best\/https:\/\/ogagnon.dectim.ca\/Team-TP2\/wordpress\/wp-content\/uploads\/2026\/03\/Capture-decran-2026-03-03-003004.webp 768w, https:\/\/mlhzlejwk6xn.i.optimole.com\/w:1077\/h:919\/q:mauto\/f:best\/https:\/\/ogagnon.dectim.ca\/Team-TP2\/wordpress\/wp-content\/uploads\/2026\/03\/Capture-decran-2026-03-03-003004.webp 1077w\" sizes=\"(max-width: 300px) 100vw, 300px\" \/><\/figure>\n\n\n\n<ol class=\"wp-block-list\">\n<li>  Mod\u00e9lisation<\/li>\n<\/ol>\n<\/div>\n\n\n\n<div class=\"wp-block-group is-vertical is-layout-flex wp-container-core-group-is-layout-fe9cc265 wp-block-group-is-layout-flex\">\n<figure class=\"wp-block-image size-medium\"><img data-opt-id=1436563186  data-opt-src=\"https:\/\/mlhzlejwk6xn.i.optimole.com\/w:300\/h:172\/q:mauto\/f:best\/https:\/\/ogagnon.dectim.ca\/Team-TP2\/wordpress\/wp-content\/uploads\/2026\/03\/Capture-decran-2026-03-03-003535-768x441-1.webp\"  decoding=\"async\" width=\"300\" height=\"172\" src=\"data:image/svg+xml,%3Csvg%20viewBox%3D%220%200%20300%20172%22%20width%3D%22300%22%20height%3D%22172%22%20xmlns%3D%22http%3A%2F%2Fwww.w3.org%2F2000%2Fsvg%22%3E%3Crect%20width%3D%22300%22%20height%3D%22172%22%20fill%3D%22transparent%22%2F%3E%3C%2Fsvg%3E\" alt=\"\" class=\"wp-image-886\" style=\"aspect-ratio:4\/3;object-fit:cover\" old-srcset=\"https:\/\/mlhzlejwk6xn.i.optimole.com\/w:300\/h:172\/q:mauto\/f:best\/https:\/\/ogagnon.dectim.ca\/Team-TP2\/wordpress\/wp-content\/uploads\/2026\/03\/Capture-decran-2026-03-03-003535-768x441-1.webp 300w, https:\/\/mlhzlejwk6xn.i.optimole.com\/w:768\/h:441\/q:mauto\/f:best\/https:\/\/ogagnon.dectim.ca\/Team-TP2\/wordpress\/wp-content\/uploads\/2026\/03\/Capture-decran-2026-03-03-003535-768x441-1.webp 768w\" \/><\/figure>\n\n\n\n<p>2. Texture<\/p>\n<\/div>\n\n\n\n<div class=\"wp-block-group is-vertical is-layout-flex wp-container-core-group-is-layout-fe9cc265 wp-block-group-is-layout-flex\">\n<figure class=\"wp-block-image size-medium\"><img data-opt-id=1908357591  data-opt-src=\"https:\/\/mlhzlejwk6xn.i.optimole.com\/w:296\/h:300\/q:mauto\/f:best\/https:\/\/ogagnon.dectim.ca\/Team-TP2\/wordpress\/wp-content\/uploads\/2026\/03\/Capture-decran-2026-03-03-011035-768x779-1.webp\"  loading=\"lazy\" decoding=\"async\" width=\"296\" height=\"300\" src=\"data:image/svg+xml,%3Csvg%20viewBox%3D%220%200%20296%20300%22%20width%3D%22296%22%20height%3D%22300%22%20xmlns%3D%22http%3A%2F%2Fwww.w3.org%2F2000%2Fsvg%22%3E%3Crect%20width%3D%22296%22%20height%3D%22300%22%20fill%3D%22transparent%22%2F%3E%3C%2Fsvg%3E\" alt=\"\" class=\"wp-image-887\" style=\"aspect-ratio:4\/3;object-fit:cover\" old-srcset=\"https:\/\/mlhzlejwk6xn.i.optimole.com\/w:296\/h:300\/q:mauto\/f:best\/https:\/\/ogagnon.dectim.ca\/Team-TP2\/wordpress\/wp-content\/uploads\/2026\/03\/Capture-decran-2026-03-03-011035-768x779-1.webp 296w, https:\/\/mlhzlejwk6xn.i.optimole.com\/w:768\/h:779\/q:mauto\/f:best\/https:\/\/ogagnon.dectim.ca\/Team-TP2\/wordpress\/wp-content\/uploads\/2026\/03\/Capture-decran-2026-03-03-011035-768x779-1.webp 768w\" \/><\/figure>\n\n\n\n<p>3. Animation<\/p>\n<\/div>\n\n\n\n<div class=\"wp-block-group is-vertical is-layout-flex wp-container-core-group-is-layout-fe9cc265 wp-block-group-is-layout-flex\">\n<figure class=\"wp-block-image size-medium\"><img data-opt-id=1362746876  data-opt-src=\"https:\/\/mlhzlejwk6xn.i.optimole.com\/w:300\/h:248\/q:mauto\/f:best\/https:\/\/ogagnon.dectim.ca\/Team-TP2\/wordpress\/wp-content\/uploads\/2026\/03\/Capture-decran-2026-03-03-011104-768x635-1.webp\"  loading=\"lazy\" decoding=\"async\" width=\"300\" height=\"248\" src=\"data:image/svg+xml,%3Csvg%20viewBox%3D%220%200%20300%20248%22%20width%3D%22300%22%20height%3D%22248%22%20xmlns%3D%22http%3A%2F%2Fwww.w3.org%2F2000%2Fsvg%22%3E%3Crect%20width%3D%22300%22%20height%3D%22248%22%20fill%3D%22transparent%22%2F%3E%3C%2Fsvg%3E\" alt=\"\" class=\"wp-image-888\" style=\"aspect-ratio:4\/3;object-fit:cover\" old-srcset=\"https:\/\/mlhzlejwk6xn.i.optimole.com\/w:300\/h:248\/q:mauto\/f:best\/https:\/\/ogagnon.dectim.ca\/Team-TP2\/wordpress\/wp-content\/uploads\/2026\/03\/Capture-decran-2026-03-03-011104-768x635-1.webp 300w, https:\/\/mlhzlejwk6xn.i.optimole.com\/w:768\/h:635\/q:mauto\/f:best\/https:\/\/ogagnon.dectim.ca\/Team-TP2\/wordpress\/wp-content\/uploads\/2026\/03\/Capture-decran-2026-03-03-011104-768x635-1.webp 768w\" \/><\/figure>\n\n\n\n<p>4. Montage<\/p>\n<\/div>\n<\/div>\n\n\n\n<div data-aos= \"fade-up\" data-aos-duration=\"400\" data-aos-delay=\"0\" data-aos-easing=\"ease\" data-aos-once=\"true\" class=\"wp-block-uagb-advanced-heading uagb-block-47bc08ac\"><h2 class=\"uagb-heading-text\">D\u00e9fis rencontr\u00e9s<\/h2><\/div>\n\n\n\n<div style=\"height:52px\" aria-hidden=\"true\" class=\"wp-block-spacer\"><\/div>\n\n\n\n<div data-aos= \"fade-up\" data-aos-duration=\"400\" data-aos-delay=\"0\" data-aos-easing=\"ease\" data-aos-once=\"true\" class=\"wp-block-uagb-advanced-heading uagb-block-1bf5c9a2\"><p class=\"uagb-heading-text\">Le plus grand d\u00e9fi que j&rsquo;ai rencontr\u00e9 a \u00e9t\u00e9 durant mon animation. J&rsquo;ai mis beaucoup trop d&rsquo;objets pour d\u00e9corer l&rsquo;environnement, ce qui a fini par faire en sorte que mon rendu prenait trop de temps.<\/p><\/div>\n\n\n\n<div style=\"height:89px\" aria-hidden=\"true\" class=\"wp-block-spacer\"><\/div>\n\n\n\n<figure class=\"wp-block-embed is-type-video is-provider-youtube wp-block-embed-youtube wp-embed-aspect-16-9 wp-has-aspect-ratio\"><div class=\"wp-block-embed__wrapper\">\n<iframe title=\"1012 pagny raphael tp1\" width=\"500\" height=\"281\" src=\"https:\/\/www.youtube.com\/embed\/ZVb0GEFWQ2U?feature=oembed\" frameborder=\"0\" allow=\"accelerometer; autoplay; clipboard-write; encrypted-media; gyroscope; picture-in-picture; web-share\" referrerpolicy=\"strict-origin-when-cross-origin\" allowfullscreen><\/iframe>\n<\/div><\/figure>\n","protected":false},"excerpt":{"rendered":"<p>Le Tombeau Maudit Ce projet a \u00e9t\u00e9 r\u00e9alis\u00e9 dans le cadre du cours d\u2019animation multim\u00e9dia avec Blender. Animation Textures proc\u00e9durales [&hellip;]<\/p>\n","protected":false},"author":2,"featured_media":0,"parent":0,"menu_order":0,"comment_status":"closed","ping_status":"closed","template":"","meta":{"_uag_custom_page_level_css":"","site-sidebar-layout":"default","site-content-layout":"","ast-site-content-layout":"default","site-content-style":"default","site-sidebar-style":"default","ast-global-header-display":"","ast-banner-title-visibility":"","ast-main-header-display":"","ast-hfb-above-header-display":"","ast-hfb-below-header-display":"","ast-hfb-mobile-header-display":"","site-post-title":"","ast-breadcrumbs-content":"","ast-featured-img":"","footer-sml-layout":"","ast-disable-related-posts":"","theme-transparent-header-meta":"","adv-header-id-meta":"","stick-header-meta":"","header-above-stick-meta":"","header-main-stick-meta":"","header-below-stick-meta":"","astra-migrate-meta-layouts":"default","ast-page-background-enabled":"default","ast-page-background-meta":{"desktop":{"background-color":"var(--ast-global-color-5)","background-image":"","background-repeat":"repeat","background-position":"center center","background-size":"auto","background-attachment":"scroll","background-type":"","background-media":"","overlay-type":"","overlay-color":"","overlay-opacity":"","overlay-gradient":""},"tablet":{"background-color":"","background-image":"","background-repeat":"repeat","background-position":"center center","background-size":"auto","background-attachment":"scroll","background-type":"","background-media":"","overlay-type":"","overlay-color":"","overlay-opacity":"","overlay-gradient":""},"mobile":{"background-color":"","background-image":"","background-repeat":"repeat","background-position":"center center","background-size":"auto","background-attachment":"scroll","background-type":"","background-media":"","overlay-type":"","overlay-color":"","overlay-opacity":"","overlay-gradient":""}},"ast-content-background-meta":{"desktop":{"background-color":"var(--ast-global-color-4)","background-image":"","background-repeat":"repeat","background-position":"center center","background-size":"auto","background-attachment":"scroll","background-type":"","background-media":"","overlay-type":"","overlay-color":"","overlay-opacity":"","overlay-gradient":""},"tablet":{"background-color":"var(--ast-global-color-4)","background-image":"","background-repeat":"repeat","background-position":"center center","background-size":"auto","background-attachment":"scroll","background-type":"","background-media":"","overlay-type":"","overlay-color":"","overlay-opacity":"","overlay-gradient":""},"mobile":{"background-color":"var(--ast-global-color-4)","background-image":"","background-repeat":"repeat","background-position":"center center","background-size":"auto","background-attachment":"scroll","background-type":"","background-media":"","overlay-type":"","overlay-color":"","overlay-opacity":"","overlay-gradient":""}},"footnotes":""},"class_list":["post-165","page","type-page","status-publish","hentry"],"uagb_featured_image_src":{"full":false,"thumbnail":false,"medium":false,"medium_large":false,"large":false,"1536x1536":false,"2048x2048":false},"uagb_author_info":{"display_name":"Kamille Daoust","author_link":"https:\/\/ogagnon.dectim.ca\/Team-TP2\/wordpress\/author\/chamomille\/"},"uagb_comment_info":0,"uagb_excerpt":"Le Tombeau Maudit Ce projet a \u00e9t\u00e9 r\u00e9alis\u00e9 dans le cadre du cours d\u2019animation multim\u00e9dia avec Blender. Animation Textures proc\u00e9durales [&hellip;]","_links":{"self":[{"href":"https:\/\/ogagnon.dectim.ca\/Team-TP2\/wordpress\/wp-json\/wp\/v2\/pages\/165","targetHints":{"allow":["GET"]}}],"collection":[{"href":"https:\/\/ogagnon.dectim.ca\/Team-TP2\/wordpress\/wp-json\/wp\/v2\/pages"}],"about":[{"href":"https:\/\/ogagnon.dectim.ca\/Team-TP2\/wordpress\/wp-json\/wp\/v2\/types\/page"}],"author":[{"embeddable":true,"href":"https:\/\/ogagnon.dectim.ca\/Team-TP2\/wordpress\/wp-json\/wp\/v2\/users\/2"}],"replies":[{"embeddable":true,"href":"https:\/\/ogagnon.dectim.ca\/Team-TP2\/wordpress\/wp-json\/wp\/v2\/comments?post=165"}],"version-history":[{"count":16,"href":"https:\/\/ogagnon.dectim.ca\/Team-TP2\/wordpress\/wp-json\/wp\/v2\/pages\/165\/revisions"}],"predecessor-version":[{"id":1318,"href":"https:\/\/ogagnon.dectim.ca\/Team-TP2\/wordpress\/wp-json\/wp\/v2\/pages\/165\/revisions\/1318"}],"wp:attachment":[{"href":"https:\/\/ogagnon.dectim.ca\/Team-TP2\/wordpress\/wp-json\/wp\/v2\/media?parent=165"}],"curies":[{"name":"wp","href":"https:\/\/api.w.org\/{rel}","templated":true}]}}