{"id":163,"date":"2026-02-17T10:36:56","date_gmt":"2026-02-17T15:36:56","guid":{"rendered":"https:\/\/ogagnon.dectim.ca\/Team-TP2\/wordpress\/?page_id=163"},"modified":"2026-04-27T13:57:06","modified_gmt":"2026-04-27T17:57:06","slug":"projet-1-horizon-fantastique","status":"publish","type":"page","link":"https:\/\/ogagnon.dectim.ca\/Team-TP2\/wordpress\/projet-1-horizon-fantastique\/","title":{"rendered":"Projet 1 \u2014 Olivier"},"content":{"rendered":"\n<div data-aos= \"fade-up\" data-aos-duration=\"400\" data-aos-delay=\"0\" data-aos-easing=\"ease\" data-aos-once=\"true\" class=\"wp-block-uagb-advanced-heading uagb-block-1bf9dd05\"><h2 class=\"uagb-heading-text\">Voyage interstellaire<\/h2><\/div>\n\n\n\n<div class=\"wp-block-group has-ast-global-color-4-color has-text-color has-link-color wp-elements-40e65825d50ab009c37892f1060ee92a is-content-justification-center is-nowrap is-layout-flex wp-container-core-group-is-layout-23441af8 wp-block-group-is-layout-flex\">\n<figure class=\"wp-block-image size-full is-style-default\"><img data-opt-id=351570120  fetchpriority=\"high\" decoding=\"async\" width=\"600\" height=\"337\" src=\"https:\/\/mlhzlejwk6xn.i.optimole.com\/w:auto\/h:auto\/q:mauto\/f:best\/https:\/\/ogagnon.dectim.ca\/Team-TP2\/wordpress\/wp-content\/uploads\/2026\/03\/lln6hzbfpr8ok0dpmpz5.webp\" alt=\"\" class=\"wp-image-828\" srcset=\"https:\/\/mlhzlejwk6xn.i.optimole.com\/w:600\/h:337\/q:mauto\/f:best\/https:\/\/ogagnon.dectim.ca\/Team-TP2\/wordpress\/wp-content\/uploads\/2026\/03\/lln6hzbfpr8ok0dpmpz5.webp 600w, https:\/\/mlhzlejwk6xn.i.optimole.com\/w:300\/h:169\/q:mauto\/f:best\/https:\/\/ogagnon.dectim.ca\/Team-TP2\/wordpress\/wp-content\/uploads\/2026\/03\/lln6hzbfpr8ok0dpmpz5.webp 300w\" sizes=\"(max-width: 600px) 100vw, 600px\" \/><\/figure>\n\n\n\n<div class=\"wp-block-group alignwide is-layout-constrained wp-block-group-is-layout-constrained\">\n<h3 class=\"wp-block-heading has-ast-global-color-2-color has-text-color has-link-color wp-elements-8260be49f3fe03d3aad40937aec2fa43\"><strong>Projet \u00e9tudiant<\/strong><\/h3>\n\n\n\n<p class=\"has-ast-global-color-2-color has-text-color has-link-color wp-elements-17570194b88fb1b9100f8027a65a77d4\">Mon projet final dans le cadre de mon cours d\u2019animation 3D avait pour but d\u2019aller <strong>chercher des mod\u00e9lisations d\u00e9j\u00e0 faites ou de les mod\u00e9liser nous-m\u00eames<\/strong> \u00e0 la main pour ensuite les <strong>animer dans un mini court m\u00e9trage<\/strong>.<\/p>\n\n\n\n<div class=\"wp-block-group is-nowrap is-layout-flex wp-container-core-group-is-layout-6c531013 wp-block-group-is-layout-flex\">\n<p class=\"has-ast-global-color-2-color has-text-color has-link-color wp-elements-3ed129df542c28c6468dd2907c3493f0\"><em>Animation<\/em><\/p>\n\n\n\n<p class=\"has-ast-global-color-2-color has-text-color has-link-color wp-elements-ac28f3af23268335005a5fabd060de3d\"><em>Textures proc\u00e9durales<\/em><\/p>\n\n\n\n<p class=\"has-ast-global-color-2-color has-text-color has-link-color wp-elements-73c5e453b2b5060e195755b1b389fd38\"><em>Mod\u00e9lisation 3D<\/em><\/p>\n\n\n\n<p class=\"has-ast-global-color-2-color has-text-color has-link-color wp-elements-f75b03e06d278ef12f01c17b8b83a961\"><em>Montage<\/em><\/p>\n<\/div>\n<\/div>\n<\/div>\n\n\n\n<div data-aos= \"fade-up\" data-aos-duration=\"400\" data-aos-delay=\"0\" data-aos-easing=\"ease\" data-aos-once=\"true\" class=\"wp-block-uagb-advanced-heading uagb-block-40d04af7\"><h2 class=\"uagb-heading-text\">Processus de cr\u00e9ation<\/h2><\/div>\n\n\n\n<div class=\"wp-block-group is-nowrap is-layout-flex wp-container-core-group-is-layout-6c531013 wp-block-group-is-layout-flex\">\n<figure data-wp-context=\"{&quot;imageId&quot;:&quot;69f16f66dbae3&quot;}\" data-wp-interactive=\"core\/image\" data-wp-key=\"69f16f66dbae3\" class=\"wp-block-image size-large wp-lightbox-container\"><img data-opt-id=280360443  fetchpriority=\"high\" decoding=\"async\" width=\"1024\" height=\"557\" data-wp-class--hide=\"state.isContentHidden\" data-wp-class--show=\"state.isContentVisible\" data-wp-init=\"callbacks.setButtonStyles\" data-wp-on--click=\"actions.showLightbox\" data-wp-on--load=\"callbacks.setButtonStyles\" data-wp-on-window--resize=\"callbacks.setButtonStyles\" src=\"https:\/\/mlhzlejwk6xn.i.optimole.com\/w:1024\/h:557\/q:mauto\/f:best\/https:\/\/ogagnon.dectim.ca\/Team-TP2\/wordpress\/wp-content\/uploads\/2026\/03\/Capture-decran-2026-03-23-144611.png\" alt=\"\" class=\"wp-image-851\" srcset=\"https:\/\/mlhzlejwk6xn.i.optimole.com\/w:1024\/h:557\/q:mauto\/f:best\/https:\/\/ogagnon.dectim.ca\/Team-TP2\/wordpress\/wp-content\/uploads\/2026\/03\/Capture-decran-2026-03-23-144611.png 1024w, https:\/\/mlhzlejwk6xn.i.optimole.com\/w:300\/h:163\/q:mauto\/f:best\/https:\/\/ogagnon.dectim.ca\/Team-TP2\/wordpress\/wp-content\/uploads\/2026\/03\/Capture-decran-2026-03-23-144611.png 300w, https:\/\/mlhzlejwk6xn.i.optimole.com\/w:768\/h:418\/q:mauto\/f:best\/https:\/\/ogagnon.dectim.ca\/Team-TP2\/wordpress\/wp-content\/uploads\/2026\/03\/Capture-decran-2026-03-23-144611.png 768w, https:\/\/mlhzlejwk6xn.i.optimole.com\/w:1536\/h:835\/q:mauto\/f:best\/https:\/\/ogagnon.dectim.ca\/Team-TP2\/wordpress\/wp-content\/uploads\/2026\/03\/Capture-decran-2026-03-23-144611.png 1536w, https:\/\/mlhzlejwk6xn.i.optimole.com\/w:1920\/h:1044\/q:mauto\/f:best\/https:\/\/ogagnon.dectim.ca\/Team-TP2\/wordpress\/wp-content\/uploads\/2026\/03\/Capture-decran-2026-03-23-144611.png 2048w\" sizes=\"(max-width: 1000px) 100vw, 1000px\" \/><button\n\t\t\tclass=\"lightbox-trigger\"\n\t\t\ttype=\"button\"\n\t\t\taria-haspopup=\"dialog\"\n\t\t\taria-label=\"Agrandir\"\n\t\t\tdata-wp-init=\"callbacks.initTriggerButton\"\n\t\t\tdata-wp-on--click=\"actions.showLightbox\"\n\t\t\tdata-wp-style--right=\"state.imageButtonRight\"\n\t\t\tdata-wp-style--top=\"state.imageButtonTop\"\n\t\t>\n\t\t\t<svg xmlns=\"http:\/\/www.w3.org\/2000\/svg\" width=\"12\" height=\"12\" fill=\"none\" viewBox=\"0 0 12 12\">\n\t\t\t\t<path fill=\"#fff\" d=\"M2 0a2 2 0 0 0-2 2v2h1.5V2a.5.5 0 0 1 .5-.5h2V0H2Zm2 10.5H2a.5.5 0 0 1-.5-.5V8H0v2a2 2 0 0 0 2 2h2v-1.5ZM8 12v-1.5h2a.5.5 0 0 0 .5-.5V8H12v2a2 2 0 0 1-2 2H8Zm2-12a2 2 0 0 1 2 2v2h-1.5V2a.5.5 0 0 0-.5-.5H8V0h2Z\" \/>\n\t\t\t<\/svg>\n\t\t<\/button><figcaption class=\"wp-element-caption\">1. Moodboard<\/figcaption><\/figure>\n\n\n\n<figure data-wp-context=\"{&quot;imageId&quot;:&quot;69f16f66dbfe3&quot;}\" data-wp-interactive=\"core\/image\" data-wp-key=\"69f16f66dbfe3\" class=\"wp-block-image size-large wp-lightbox-container\"><img data-opt-id=1438262615  data-opt-src=\"https:\/\/mlhzlejwk6xn.i.optimole.com\/w:1024\/h:550\/q:mauto\/f:best\/https:\/\/ogagnon.dectim.ca\/Team-TP2\/wordpress\/wp-content\/uploads\/2026\/03\/Capture-decran-2026-03-01-154017.png\"  decoding=\"async\" width=\"1024\" height=\"550\" data-wp-class--hide=\"state.isContentHidden\" data-wp-class--show=\"state.isContentVisible\" data-wp-init=\"callbacks.setButtonStyles\" data-wp-on--click=\"actions.showLightbox\" data-wp-on--load=\"callbacks.setButtonStyles\" data-wp-on-window--resize=\"callbacks.setButtonStyles\" src=\"data:image/svg+xml,%3Csvg%20viewBox%3D%220%200%201024%20550%22%20width%3D%221024%22%20height%3D%22550%22%20xmlns%3D%22http%3A%2F%2Fwww.w3.org%2F2000%2Fsvg%22%3E%3Crect%20width%3D%221024%22%20height%3D%22550%22%20fill%3D%22transparent%22%2F%3E%3C%2Fsvg%3E\" alt=\"\" class=\"wp-image-852\" old-srcset=\"https:\/\/mlhzlejwk6xn.i.optimole.com\/w:1024\/h:550\/q:mauto\/f:best\/https:\/\/ogagnon.dectim.ca\/Team-TP2\/wordpress\/wp-content\/uploads\/2026\/03\/Capture-decran-2026-03-01-154017.png 1024w, https:\/\/mlhzlejwk6xn.i.optimole.com\/w:300\/h:161\/q:mauto\/f:best\/https:\/\/ogagnon.dectim.ca\/Team-TP2\/wordpress\/wp-content\/uploads\/2026\/03\/Capture-decran-2026-03-01-154017.png 300w, https:\/\/mlhzlejwk6xn.i.optimole.com\/w:768\/h:413\/q:mauto\/f:best\/https:\/\/ogagnon.dectim.ca\/Team-TP2\/wordpress\/wp-content\/uploads\/2026\/03\/Capture-decran-2026-03-01-154017.png 768w, https:\/\/mlhzlejwk6xn.i.optimole.com\/w:1536\/h:826\/q:mauto\/f:best\/https:\/\/ogagnon.dectim.ca\/Team-TP2\/wordpress\/wp-content\/uploads\/2026\/03\/Capture-decran-2026-03-01-154017.png 1536w, https:\/\/mlhzlejwk6xn.i.optimole.com\/w:1920\/h:1032\/q:mauto\/f:best\/https:\/\/ogagnon.dectim.ca\/Team-TP2\/wordpress\/wp-content\/uploads\/2026\/03\/Capture-decran-2026-03-01-154017.png 1920w\" \/><button\n\t\t\tclass=\"lightbox-trigger\"\n\t\t\ttype=\"button\"\n\t\t\taria-haspopup=\"dialog\"\n\t\t\taria-label=\"Agrandir\"\n\t\t\tdata-wp-init=\"callbacks.initTriggerButton\"\n\t\t\tdata-wp-on--click=\"actions.showLightbox\"\n\t\t\tdata-wp-style--right=\"state.imageButtonRight\"\n\t\t\tdata-wp-style--top=\"state.imageButtonTop\"\n\t\t>\n\t\t\t<svg xmlns=\"http:\/\/www.w3.org\/2000\/svg\" width=\"12\" height=\"12\" fill=\"none\" viewBox=\"0 0 12 12\">\n\t\t\t\t<path fill=\"#fff\" d=\"M2 0a2 2 0 0 0-2 2v2h1.5V2a.5.5 0 0 1 .5-.5h2V0H2Zm2 10.5H2a.5.5 0 0 1-.5-.5V8H0v2a2 2 0 0 0 2 2h2v-1.5ZM8 12v-1.5h2a.5.5 0 0 0 .5-.5V8H12v2a2 2 0 0 1-2 2H8Zm2-12a2 2 0 0 1 2 2v2h-1.5V2a.5.5 0 0 0-.5-.5H8V0h2Z\" \/>\n\t\t\t<\/svg>\n\t\t<\/button><figcaption class=\"wp-element-caption\">2. Mod\u00e9lisation<\/figcaption><\/figure>\n\n\n\n<figure data-wp-context=\"{&quot;imageId&quot;:&quot;69f16f66dc406&quot;}\" data-wp-interactive=\"core\/image\" data-wp-key=\"69f16f66dc406\" class=\"wp-block-image size-large wp-lightbox-container\"><img data-opt-id=1804468130  data-opt-src=\"https:\/\/mlhzlejwk6xn.i.optimole.com\/w:1024\/h:550\/q:mauto\/f:best\/https:\/\/ogagnon.dectim.ca\/Team-TP2\/wordpress\/wp-content\/uploads\/2026\/03\/Capture-decran-2026-03-01-154100.png\"  loading=\"lazy\" decoding=\"async\" width=\"1024\" height=\"550\" data-wp-class--hide=\"state.isContentHidden\" data-wp-class--show=\"state.isContentVisible\" data-wp-init=\"callbacks.setButtonStyles\" data-wp-on--click=\"actions.showLightbox\" data-wp-on--load=\"callbacks.setButtonStyles\" data-wp-on-window--resize=\"callbacks.setButtonStyles\" src=\"data:image/svg+xml,%3Csvg%20viewBox%3D%220%200%201024%20550%22%20width%3D%221024%22%20height%3D%22550%22%20xmlns%3D%22http%3A%2F%2Fwww.w3.org%2F2000%2Fsvg%22%3E%3Crect%20width%3D%221024%22%20height%3D%22550%22%20fill%3D%22transparent%22%2F%3E%3C%2Fsvg%3E\" alt=\"\" class=\"wp-image-856\" old-srcset=\"https:\/\/mlhzlejwk6xn.i.optimole.com\/w:1024\/h:550\/q:mauto\/f:best\/https:\/\/ogagnon.dectim.ca\/Team-TP2\/wordpress\/wp-content\/uploads\/2026\/03\/Capture-decran-2026-03-01-154100.png 1024w, https:\/\/mlhzlejwk6xn.i.optimole.com\/w:300\/h:161\/q:mauto\/f:best\/https:\/\/ogagnon.dectim.ca\/Team-TP2\/wordpress\/wp-content\/uploads\/2026\/03\/Capture-decran-2026-03-01-154100.png 300w, https:\/\/mlhzlejwk6xn.i.optimole.com\/w:768\/h:413\/q:mauto\/f:best\/https:\/\/ogagnon.dectim.ca\/Team-TP2\/wordpress\/wp-content\/uploads\/2026\/03\/Capture-decran-2026-03-01-154100.png 768w, https:\/\/mlhzlejwk6xn.i.optimole.com\/w:1536\/h:826\/q:mauto\/f:best\/https:\/\/ogagnon.dectim.ca\/Team-TP2\/wordpress\/wp-content\/uploads\/2026\/03\/Capture-decran-2026-03-01-154100.png 1536w, https:\/\/mlhzlejwk6xn.i.optimole.com\/w:1920\/h:1032\/q:mauto\/f:best\/https:\/\/ogagnon.dectim.ca\/Team-TP2\/wordpress\/wp-content\/uploads\/2026\/03\/Capture-decran-2026-03-01-154100.png 1920w\" \/><button\n\t\t\tclass=\"lightbox-trigger\"\n\t\t\ttype=\"button\"\n\t\t\taria-haspopup=\"dialog\"\n\t\t\taria-label=\"Agrandir\"\n\t\t\tdata-wp-init=\"callbacks.initTriggerButton\"\n\t\t\tdata-wp-on--click=\"actions.showLightbox\"\n\t\t\tdata-wp-style--right=\"state.imageButtonRight\"\n\t\t\tdata-wp-style--top=\"state.imageButtonTop\"\n\t\t>\n\t\t\t<svg xmlns=\"http:\/\/www.w3.org\/2000\/svg\" width=\"12\" height=\"12\" fill=\"none\" viewBox=\"0 0 12 12\">\n\t\t\t\t<path fill=\"#fff\" d=\"M2 0a2 2 0 0 0-2 2v2h1.5V2a.5.5 0 0 1 .5-.5h2V0H2Zm2 10.5H2a.5.5 0 0 1-.5-.5V8H0v2a2 2 0 0 0 2 2h2v-1.5ZM8 12v-1.5h2a.5.5 0 0 0 .5-.5V8H12v2a2 2 0 0 1-2 2H8Zm2-12a2 2 0 0 1 2 2v2h-1.5V2a.5.5 0 0 0-.5-.5H8V0h2Z\" \/>\n\t\t\t<\/svg>\n\t\t<\/button><figcaption class=\"wp-element-caption\">3. Texture et shading<\/figcaption><\/figure>\n\n\n\n<figure data-wp-context=\"{&quot;imageId&quot;:&quot;69f16f66dc758&quot;}\" data-wp-interactive=\"core\/image\" data-wp-key=\"69f16f66dc758\" class=\"wp-block-image size-large wp-lightbox-container\"><img data-opt-id=1945739441  data-opt-src=\"https:\/\/mlhzlejwk6xn.i.optimole.com\/w:1024\/h:550\/q:mauto\/f:best\/https:\/\/ogagnon.dectim.ca\/Team-TP2\/wordpress\/wp-content\/uploads\/2026\/03\/Capture-decran-2026-03-01-164315.png\"  loading=\"lazy\" decoding=\"async\" width=\"1024\" height=\"550\" data-wp-class--hide=\"state.isContentHidden\" data-wp-class--show=\"state.isContentVisible\" data-wp-init=\"callbacks.setButtonStyles\" data-wp-on--click=\"actions.showLightbox\" data-wp-on--load=\"callbacks.setButtonStyles\" data-wp-on-window--resize=\"callbacks.setButtonStyles\" src=\"data:image/svg+xml,%3Csvg%20viewBox%3D%220%200%201024%20550%22%20width%3D%221024%22%20height%3D%22550%22%20xmlns%3D%22http%3A%2F%2Fwww.w3.org%2F2000%2Fsvg%22%3E%3Crect%20width%3D%221024%22%20height%3D%22550%22%20fill%3D%22transparent%22%2F%3E%3C%2Fsvg%3E\" alt=\"\" class=\"wp-image-855\" old-srcset=\"https:\/\/mlhzlejwk6xn.i.optimole.com\/w:1024\/h:550\/q:mauto\/f:best\/https:\/\/ogagnon.dectim.ca\/Team-TP2\/wordpress\/wp-content\/uploads\/2026\/03\/Capture-decran-2026-03-01-164315.png 1024w, https:\/\/mlhzlejwk6xn.i.optimole.com\/w:300\/h:161\/q:mauto\/f:best\/https:\/\/ogagnon.dectim.ca\/Team-TP2\/wordpress\/wp-content\/uploads\/2026\/03\/Capture-decran-2026-03-01-164315.png 300w, https:\/\/mlhzlejwk6xn.i.optimole.com\/w:768\/h:413\/q:mauto\/f:best\/https:\/\/ogagnon.dectim.ca\/Team-TP2\/wordpress\/wp-content\/uploads\/2026\/03\/Capture-decran-2026-03-01-164315.png 768w, https:\/\/mlhzlejwk6xn.i.optimole.com\/w:1536\/h:826\/q:mauto\/f:best\/https:\/\/ogagnon.dectim.ca\/Team-TP2\/wordpress\/wp-content\/uploads\/2026\/03\/Capture-decran-2026-03-01-164315.png 1536w, https:\/\/mlhzlejwk6xn.i.optimole.com\/w:1920\/h:1032\/q:mauto\/f:best\/https:\/\/ogagnon.dectim.ca\/Team-TP2\/wordpress\/wp-content\/uploads\/2026\/03\/Capture-decran-2026-03-01-164315.png 1920w\" \/><button\n\t\t\tclass=\"lightbox-trigger\"\n\t\t\ttype=\"button\"\n\t\t\taria-haspopup=\"dialog\"\n\t\t\taria-label=\"Agrandir\"\n\t\t\tdata-wp-init=\"callbacks.initTriggerButton\"\n\t\t\tdata-wp-on--click=\"actions.showLightbox\"\n\t\t\tdata-wp-style--right=\"state.imageButtonRight\"\n\t\t\tdata-wp-style--top=\"state.imageButtonTop\"\n\t\t>\n\t\t\t<svg xmlns=\"http:\/\/www.w3.org\/2000\/svg\" width=\"12\" height=\"12\" fill=\"none\" viewBox=\"0 0 12 12\">\n\t\t\t\t<path fill=\"#fff\" d=\"M2 0a2 2 0 0 0-2 2v2h1.5V2a.5.5 0 0 1 .5-.5h2V0H2Zm2 10.5H2a.5.5 0 0 1-.5-.5V8H0v2a2 2 0 0 0 2 2h2v-1.5ZM8 12v-1.5h2a.5.5 0 0 0 .5-.5V8H12v2a2 2 0 0 1-2 2H8Zm2-12a2 2 0 0 1 2 2v2h-1.5V2a.5.5 0 0 0-.5-.5H8V0h2Z\" \/>\n\t\t\t<\/svg>\n\t\t<\/button><figcaption class=\"wp-element-caption\">4. Montage et effets sonores<\/figcaption><\/figure>\n<\/div>\n\n\n\n<div data-aos= \"fade-up\" data-aos-duration=\"400\" data-aos-delay=\"0\" data-aos-easing=\"ease\" data-aos-once=\"true\" class=\"wp-block-uagb-advanced-heading uagb-block-babcec3e\"><h2 class=\"uagb-heading-text\">D\u00e9fis rencontr\u00e9s<\/h2><\/div>\n\n\n\n<div class=\"wp-block-uagb-container uagb-block-b8673ed1 alignfull uagb-is-root-container\"><div class=\"uagb-container-inner-blocks-wrap\">\n<div data-aos= \"fade-up\" data-aos-duration=\"400\" data-aos-delay=\"0\" data-aos-easing=\"ease\" data-aos-once=\"true\" class=\"wp-block-uagb-advanced-heading uagb-block-d2fc8e3b\"><p class=\"uagb-heading-text\">Dans mon projet avec Blender, j\u2019ai choisi de tout faire moi-m\u00eame, de la mod\u00e9lisation \u00e0 l\u2019animation. Pourtant, le travail permettait d\u2019utiliser des assets de Sketchfab et de se concentrer seulement sur la mise en sc\u00e8ne. Ce choix a rendu le projet plus difficile, mais m\u2019a permis de d\u00e9velopper davantage mes comp\u00e9tences.<br><\/p><\/div>\n<\/div><\/div>\n\n\n\n<div class=\"wp-block-group is-layout-constrained wp-block-group-is-layout-constrained\">\n<figure class=\"wp-block-embed aligncenter is-type-video is-provider-youtube wp-block-embed-youtube wp-embed-aspect-16-9 wp-has-aspect-ratio\" style=\"margin-top:var(--wp--preset--spacing--80);margin-right:var(--wp--preset--spacing--20);margin-bottom:var(--wp--preset--spacing--80);margin-left:var(--wp--preset--spacing--20)\"><div class=\"wp-block-embed__wrapper\">\n<iframe title=\"TP4 Olivier Gagnon\" width=\"500\" height=\"281\" src=\"https:\/\/www.youtube.com\/embed\/rZmUfYXR88M?feature=oembed\" frameborder=\"0\" allow=\"accelerometer; autoplay; clipboard-write; encrypted-media; gyroscope; picture-in-picture; web-share\" referrerpolicy=\"strict-origin-when-cross-origin\" allowfullscreen><\/iframe>\n<\/div><\/figure>\n<\/div>\n","protected":false},"excerpt":{"rendered":"<p>Voyage interstellaire Projet \u00e9tudiant Mon projet final dans le cadre de mon cours d\u2019animation 3D avait pour but d\u2019aller chercher [&hellip;]<\/p>\n","protected":false},"author":2,"featured_media":0,"parent":0,"menu_order":0,"comment_status":"closed","ping_status":"closed","template":"","meta":{"_uag_custom_page_level_css":"","site-sidebar-layout":"default","site-content-layout":"","ast-site-content-layout":"default","site-content-style":"default","site-sidebar-style":"default","ast-global-header-display":"","ast-banner-title-visibility":"","ast-main-header-display":"","ast-hfb-above-header-display":"","ast-hfb-below-header-display":"","ast-hfb-mobile-header-display":"","site-post-title":"","ast-breadcrumbs-content":"","ast-featured-img":"","footer-sml-layout":"","ast-disable-related-posts":"","theme-transparent-header-meta":"","adv-header-id-meta":"","stick-header-meta":"","header-above-stick-meta":"","header-main-stick-meta":"","header-below-stick-meta":"","astra-migrate-meta-layouts":"default","ast-page-background-enabled":"default","ast-page-background-meta":{"desktop":{"background-color":"var(--ast-global-color-5)","background-image":"","background-repeat":"repeat","background-position":"center center","background-size":"auto","background-attachment":"scroll","background-type":"","background-media":"","overlay-type":"","overlay-color":"","overlay-opacity":"","overlay-gradient":""},"tablet":{"background-color":"","background-image":"","background-repeat":"repeat","background-position":"center center","background-size":"auto","background-attachment":"scroll","background-type":"","background-media":"","overlay-type":"","overlay-color":"","overlay-opacity":"","overlay-gradient":""},"mobile":{"background-color":"","background-image":"","background-repeat":"repeat","background-position":"center center","background-size":"auto","background-attachment":"scroll","background-type":"","background-media":"","overlay-type":"","overlay-color":"","overlay-opacity":"","overlay-gradient":""}},"ast-content-background-meta":{"desktop":{"background-color":"var(--ast-global-color-4)","background-image":"","background-repeat":"repeat","background-position":"center center","background-size":"auto","background-attachment":"scroll","background-type":"","background-media":"","overlay-type":"","overlay-color":"","overlay-opacity":"","overlay-gradient":""},"tablet":{"background-color":"var(--ast-global-color-4)","background-image":"","background-repeat":"repeat","background-position":"center center","background-size":"auto","background-attachment":"scroll","background-type":"","background-media":"","overlay-type":"","overlay-color":"","overlay-opacity":"","overlay-gradient":""},"mobile":{"background-color":"var(--ast-global-color-4)","background-image":"","background-repeat":"repeat","background-position":"center center","background-size":"auto","background-attachment":"scroll","background-type":"","background-media":"","overlay-type":"","overlay-color":"","overlay-opacity":"","overlay-gradient":""}},"footnotes":""},"class_list":["post-163","page","type-page","status-publish","hentry"],"uagb_featured_image_src":{"full":false,"thumbnail":false,"medium":false,"medium_large":false,"large":false,"1536x1536":false,"2048x2048":false},"uagb_author_info":{"display_name":"Kamille Daoust","author_link":"https:\/\/ogagnon.dectim.ca\/Team-TP2\/wordpress\/author\/chamomille\/"},"uagb_comment_info":0,"uagb_excerpt":"Voyage interstellaire Projet \u00e9tudiant Mon projet final dans le cadre de mon cours d\u2019animation 3D avait pour but d\u2019aller chercher [&hellip;]","_links":{"self":[{"href":"https:\/\/ogagnon.dectim.ca\/Team-TP2\/wordpress\/wp-json\/wp\/v2\/pages\/163","targetHints":{"allow":["GET"]}}],"collection":[{"href":"https:\/\/ogagnon.dectim.ca\/Team-TP2\/wordpress\/wp-json\/wp\/v2\/pages"}],"about":[{"href":"https:\/\/ogagnon.dectim.ca\/Team-TP2\/wordpress\/wp-json\/wp\/v2\/types\/page"}],"author":[{"embeddable":true,"href":"https:\/\/ogagnon.dectim.ca\/Team-TP2\/wordpress\/wp-json\/wp\/v2\/users\/2"}],"replies":[{"embeddable":true,"href":"https:\/\/ogagnon.dectim.ca\/Team-TP2\/wordpress\/wp-json\/wp\/v2\/comments?post=163"}],"version-history":[{"count":32,"href":"https:\/\/ogagnon.dectim.ca\/Team-TP2\/wordpress\/wp-json\/wp\/v2\/pages\/163\/revisions"}],"predecessor-version":[{"id":1312,"href":"https:\/\/ogagnon.dectim.ca\/Team-TP2\/wordpress\/wp-json\/wp\/v2\/pages\/163\/revisions\/1312"}],"wp:attachment":[{"href":"https:\/\/ogagnon.dectim.ca\/Team-TP2\/wordpress\/wp-json\/wp\/v2\/media?parent=163"}],"curies":[{"name":"wp","href":"https:\/\/api.w.org\/{rel}","templated":true}]}}