{"id":15,"date":"2026-02-10T10:06:51","date_gmt":"2026-02-10T15:06:51","guid":{"rendered":"https:\/\/ogagnon.dectim.ca\/Team-TP2\/wordpress\/?page_id=15"},"modified":"2026-04-27T16:01:48","modified_gmt":"2026-04-27T20:01:48","slug":"accueil","status":"publish","type":"page","link":"https:\/\/ogagnon.dectim.ca\/Team-TP2\/wordpress\/","title":{"rendered":"Accueil"},"content":{"rendered":"\t\t<div data-elementor-type=\"wp-page\" data-elementor-id=\"15\" class=\"elementor elementor-15\">\n\t\t\t\t<div class=\"elementor-element elementor-element-7db95869 e-con-full e-flex e-con e-parent\" data-id=\"7db95869\" data-element_type=\"container\" data-e-type=\"container\" data-settings=\"{&quot;background_background&quot;:&quot;video&quot;,&quot;shape_divider_top&quot;:&quot;opacity-fan&quot;,&quot;shape_divider_bottom&quot;:&quot;opacity-fan&quot;,&quot;background_video_link&quot;:&quot;https:\\\/\\\/youtu.be\\\/uez2mJInQdc&quot;}\">\n\t\t<div class=\"elementor-background-video-container elementor-hidden-mobile\">\n\t\t\t\t\t\t\t<div class=\"elementor-background-video-embed\" role=\"presentation\"><\/div>\n\t\t\t\t\t\t<\/div>\t\t<div class=\"elementor-shape elementor-shape-top\" aria-hidden=\"true\" data-negative=\"false\">\n\t\t\t<svg xmlns=\"http:\/\/www.w3.org\/2000\/svg\" viewBox=\"0 0 283.5 19.6\" preserveAspectRatio=\"none\">\n\t<path class=\"elementor-shape-fill\" style=\"opacity:0.33\" d=\"M0 0L0 18.8 141.8 4.1 283.5 18.8 283.5 0z\"\/>\n\t<path class=\"elementor-shape-fill\" style=\"opacity:0.33\" d=\"M0 0L0 12.6 141.8 4 283.5 12.6 283.5 0z\"\/>\n\t<path class=\"elementor-shape-fill\" style=\"opacity:0.33\" d=\"M0 0L0 6.4 141.8 4 283.5 6.4 283.5 0z\"\/>\n\t<path class=\"elementor-shape-fill\" d=\"M0 0L0 1.2 141.8 4 283.5 1.2 283.5 0z\"\/>\n<\/svg>\t\t<\/div>\n\t\t\t\t<div class=\"elementor-shape elementor-shape-bottom\" aria-hidden=\"true\" data-negative=\"false\">\n\t\t\t<svg xmlns=\"http:\/\/www.w3.org\/2000\/svg\" viewBox=\"0 0 283.5 19.6\" preserveAspectRatio=\"none\">\n\t<path class=\"elementor-shape-fill\" style=\"opacity:0.33\" d=\"M0 0L0 18.8 141.8 4.1 283.5 18.8 283.5 0z\"\/>\n\t<path class=\"elementor-shape-fill\" style=\"opacity:0.33\" d=\"M0 0L0 12.6 141.8 4 283.5 12.6 283.5 0z\"\/>\n\t<path class=\"elementor-shape-fill\" style=\"opacity:0.33\" d=\"M0 0L0 6.4 141.8 4 283.5 6.4 283.5 0z\"\/>\n\t<path class=\"elementor-shape-fill\" d=\"M0 0L0 1.2 141.8 4 283.5 1.2 283.5 0z\"\/>\n<\/svg>\t\t<\/div>\n\t\t\t\t<div class=\"elementor-element elementor-element-cf97557 elementor-widget__width-inherit elementor-widget elementor-widget-text-editor\" data-id=\"cf97557\" data-element_type=\"widget\" data-e-type=\"widget\" data-widget_type=\"text-editor.default\">\n\t\t\t\t\t\t\t\t\t\n<div class=\"wp-block-cover alignfull has-accent-1-color has-text-color has-link-color\" style=\"margin-top: 0; margin-bottom: 0; min-height: 100vh; padding: 200px var(--wp--preset--spacing--50) 200px var(--wp--preset--spacing--50);\">\n<div class=\"wp-block-cover__inner-container\">\n<h1>\u00a0<\/h1>\n<div class=\"wp-block-buttons\">\n<div class=\"wp-block-button is-style-fill\">\u00a0<\/div>\n<\/div>\n<\/div>\n<\/div>\n<!-- \/wp:cover -->\t\t\t\t\t\t\t\t<\/div>\n\t\t\t\t<\/div>\n\t\t<div class=\"elementor-element elementor-element-74ccfa2 e-flex e-con-boxed e-con e-parent\" data-id=\"74ccfa2\" data-element_type=\"container\" data-e-type=\"container\">\n\t\t\t\t\t<div class=\"e-con-inner\">\n\t\t\t\t<div class=\"elementor-element elementor-element-60df377 elementor-widget elementor-widget-heading\" data-id=\"60df377\" data-element_type=\"widget\" data-e-type=\"widget\" data-widget_type=\"heading.default\">\n\t\t\t\t\t<h2 class=\"elementor-heading-title elementor-size-default\">D\u00e9couvrez nos installations<\/h2>\t\t\t\t<\/div>\n\t\t\t\t\t<\/div>\n\t\t\t\t<\/div>\n\t\t<div class=\"elementor-element elementor-element-ac18933 e-grid e-con-full e-con e-parent\" data-id=\"ac18933\" data-element_type=\"container\" data-e-type=\"container\">\n\t\t\t\t<div class=\"elementor-element elementor-element-0fd0c12 elementor-widget elementor-widget-image\" data-id=\"0fd0c12\" data-element_type=\"widget\" data-e-type=\"widget\" data-settings=\"{&quot;_animation&quot;:&quot;none&quot;,&quot;_animation_delay&quot;:1100}\" data-widget_type=\"image.default\">\n\t\t\t\t\t\t\t\t\t\t\t\t\t\t\t\t<a href=\"https:\/\/mlhzlejwk6xn.i.optimole.com\/w:auto\/h:auto\/q:mauto\/f:best\/https:\/\/ogagnon.dectim.ca\/Team-TP2\/wordpress\/wp-content\/uploads\/2026\/04\/image-23-1.jpg\" data-elementor-open-lightbox=\"yes\" data-elementor-lightbox-title=\"image 23\" data-e-action-hash=\"#elementor-action%3Aaction%3Dlightbox%26settings%3DeyJpZCI6MTEzNiwidXJsIjoiaHR0cHM6XC9cL29nYWdub24uZGVjdGltLmNhXC9UZWFtLVRQMlwvd29yZHByZXNzXC93cC1jb250ZW50XC91cGxvYWRzXC8yMDI2XC8wNFwvaW1hZ2UtMjMtMS5qcGcifQ%3D%3D\">\n\t\t\t\t\t\t\t<img data-opt-id=887449703  fetchpriority=\"high\" decoding=\"async\" width=\"768\" height=\"512\" src=\"https:\/\/mlhzlejwk6xn.i.optimole.com\/w:768\/h:512\/q:mauto\/f:best\/https:\/\/ogagnon.dectim.ca\/Team-TP2\/wordpress\/wp-content\/uploads\/2026\/04\/image-23-1.jpg\" class=\"elementor-animation-grow-rotate attachment-large size-large wp-image-1136\" alt=\"\" srcset=\"https:\/\/mlhzlejwk6xn.i.optimole.com\/w:768\/h:512\/q:mauto\/f:best\/https:\/\/ogagnon.dectim.ca\/Team-TP2\/wordpress\/wp-content\/uploads\/2026\/04\/image-23-1.jpg 768w, https:\/\/mlhzlejwk6xn.i.optimole.com\/w:300\/h:200\/q:mauto\/f:best\/https:\/\/ogagnon.dectim.ca\/Team-TP2\/wordpress\/wp-content\/uploads\/2026\/04\/image-23-1.jpg 300w\" sizes=\"(max-width: 768px) 100vw, 768px\" \/>\t\t\t\t\t\t\t\t<\/a>\n\t\t\t\t\t\t\t\t\t\t\t\t\t\t\t<\/div>\n\t\t\t\t<div class=\"elementor-element elementor-element-81123bc elementor-widget elementor-widget-image\" data-id=\"81123bc\" data-element_type=\"widget\" data-e-type=\"widget\" data-widget_type=\"image.default\">\n\t\t\t\t\t\t\t\t\t\t\t\t\t\t\t\t<a href=\"https:\/\/mlhzlejwk6xn.i.optimole.com\/w:auto\/h:auto\/q:mauto\/f:best\/https:\/\/ogagnon.dectim.ca\/Team-TP2\/wordpress\/wp-content\/uploads\/2026\/04\/image-22-1.jpg\" data-elementor-open-lightbox=\"yes\" data-elementor-lightbox-title=\"image 22\" data-e-action-hash=\"#elementor-action%3Aaction%3Dlightbox%26settings%3DeyJpZCI6MTEzNSwidXJsIjoiaHR0cHM6XC9cL29nYWdub24uZGVjdGltLmNhXC9UZWFtLVRQMlwvd29yZHByZXNzXC93cC1jb250ZW50XC91cGxvYWRzXC8yMDI2XC8wNFwvaW1hZ2UtMjItMS5qcGcifQ%3D%3D\">\n\t\t\t\t\t\t\t<img data-opt-id=671193720  fetchpriority=\"high\" decoding=\"async\" width=\"765\" height=\"512\" src=\"https:\/\/mlhzlejwk6xn.i.optimole.com\/w:765\/h:512\/q:mauto\/f:best\/https:\/\/ogagnon.dectim.ca\/Team-TP2\/wordpress\/wp-content\/uploads\/2026\/04\/image-22-1.jpg\" class=\"elementor-animation-grow-rotate attachment-large size-large wp-image-1135\" alt=\"\" srcset=\"https:\/\/mlhzlejwk6xn.i.optimole.com\/w:765\/h:512\/q:mauto\/f:best\/https:\/\/ogagnon.dectim.ca\/Team-TP2\/wordpress\/wp-content\/uploads\/2026\/04\/image-22-1.jpg 765w, https:\/\/mlhzlejwk6xn.i.optimole.com\/w:300\/h:201\/q:mauto\/f:best\/https:\/\/ogagnon.dectim.ca\/Team-TP2\/wordpress\/wp-content\/uploads\/2026\/04\/image-22-1.jpg 300w\" sizes=\"(max-width: 765px) 100vw, 765px\" \/>\t\t\t\t\t\t\t\t<\/a>\n\t\t\t\t\t\t\t\t\t\t\t\t\t\t\t<\/div>\n\t\t\t\t<div class=\"elementor-element elementor-element-d2b6053 elementor-widget elementor-widget-image\" data-id=\"d2b6053\" data-element_type=\"widget\" data-e-type=\"widget\" data-widget_type=\"image.default\">\n\t\t\t\t\t\t\t\t\t\t\t\t\t\t\t\t<a href=\"https:\/\/mlhzlejwk6xn.i.optimole.com\/w:auto\/h:auto\/q:mauto\/f:best\/https:\/\/ogagnon.dectim.ca\/Team-TP2\/wordpress\/wp-content\/uploads\/2026\/04\/ChatGPT-Image-26-avr.-2026-16-h-04-min-51-s-3-1.jpg\" data-elementor-open-lightbox=\"yes\" data-elementor-lightbox-title=\"ChatGPT Image 26 avr. 2026, 16 h 04 min 51 s 3\" data-e-action-hash=\"#elementor-action%3Aaction%3Dlightbox%26settings%3DeyJpZCI6MTEzNCwidXJsIjoiaHR0cHM6XC9cL29nYWdub24uZGVjdGltLmNhXC9UZWFtLVRQMlwvd29yZHByZXNzXC93cC1jb250ZW50XC91cGxvYWRzXC8yMDI2XC8wNFwvQ2hhdEdQVC1JbWFnZS0yNi1hdnIuLTIwMjYtMTYtaC0wNC1taW4tNTEtcy0zLTEuanBnIn0%3D\">\n\t\t\t\t\t\t\t<img data-opt-id=786999398  data-opt-src=\"https:\/\/mlhzlejwk6xn.i.optimole.com\/w:768\/h:507\/q:mauto\/f:best\/https:\/\/ogagnon.dectim.ca\/Team-TP2\/wordpress\/wp-content\/uploads\/2026\/04\/ChatGPT-Image-26-avr.-2026-16-h-04-min-51-s-3-1.jpg\"  decoding=\"async\" width=\"768\" height=\"507\" src=\"data:image/svg+xml,%3Csvg%20viewBox%3D%220%200%20768%20507%22%20width%3D%22768%22%20height%3D%22507%22%20xmlns%3D%22http%3A%2F%2Fwww.w3.org%2F2000%2Fsvg%22%3E%3Crect%20width%3D%22768%22%20height%3D%22507%22%20fill%3D%22transparent%22%2F%3E%3C%2Fsvg%3E\" class=\"elementor-animation-grow-rotate attachment-large size-large wp-image-1134\" alt=\"\" old-srcset=\"https:\/\/mlhzlejwk6xn.i.optimole.com\/w:768\/h:507\/q:mauto\/f:best\/https:\/\/ogagnon.dectim.ca\/Team-TP2\/wordpress\/wp-content\/uploads\/2026\/04\/ChatGPT-Image-26-avr.-2026-16-h-04-min-51-s-3-1.jpg 768w, https:\/\/mlhzlejwk6xn.i.optimole.com\/w:300\/h:198\/q:mauto\/f:best\/https:\/\/ogagnon.dectim.ca\/Team-TP2\/wordpress\/wp-content\/uploads\/2026\/04\/ChatGPT-Image-26-avr.-2026-16-h-04-min-51-s-3-1.jpg 300w\" \/>\t\t\t\t\t\t\t\t<\/a>\n\t\t\t\t\t\t\t\t\t\t\t\t\t\t\t<\/div>\n\t\t\t\t<div class=\"elementor-element elementor-element-f7e7380 elementor-widget elementor-widget-image\" data-id=\"f7e7380\" data-element_type=\"widget\" data-e-type=\"widget\" data-widget_type=\"image.default\">\n\t\t\t\t\t\t\t\t\t\t\t\t\t\t\t<img data-opt-id=849268452  data-opt-src=\"https:\/\/mlhzlejwk6xn.i.optimole.com\/w:767\/h:507\/q:mauto\/f:best\/https:\/\/ogagnon.dectim.ca\/Team-TP2\/wordpress\/wp-content\/uploads\/2026\/04\/image-24-1.jpg\"  loading=\"lazy\" decoding=\"async\" width=\"767\" height=\"507\" src=\"data:image/svg+xml,%3Csvg%20viewBox%3D%220%200%20767%20507%22%20width%3D%22767%22%20height%3D%22507%22%20xmlns%3D%22http%3A%2F%2Fwww.w3.org%2F2000%2Fsvg%22%3E%3Crect%20width%3D%22767%22%20height%3D%22507%22%20fill%3D%22transparent%22%2F%3E%3C%2Fsvg%3E\" class=\"elementor-animation-grow-rotate attachment-large size-large wp-image-1137\" alt=\"\" old-srcset=\"https:\/\/mlhzlejwk6xn.i.optimole.com\/w:767\/h:507\/q:mauto\/f:best\/https:\/\/ogagnon.dectim.ca\/Team-TP2\/wordpress\/wp-content\/uploads\/2026\/04\/image-24-1.jpg 767w, https:\/\/mlhzlejwk6xn.i.optimole.com\/w:300\/h:198\/q:mauto\/f:best\/https:\/\/ogagnon.dectim.ca\/Team-TP2\/wordpress\/wp-content\/uploads\/2026\/04\/image-24-1.jpg 300w\" \/>\t\t\t\t\t\t\t\t\t\t\t\t\t\t\t<\/div>\n\t\t\t\t<\/div>\n\t\t<div class=\"elementor-element elementor-element-d4387a7 e-flex e-con-boxed e-con e-parent\" data-id=\"d4387a7\" data-element_type=\"container\" data-e-type=\"container\">\n\t\t\t\t\t<div class=\"e-con-inner\">\n\t\t\t\t<div class=\"elementor-element elementor-element-ba33d24 elementor-widget elementor-widget-heading\" data-id=\"ba33d24\" data-element_type=\"widget\" data-e-type=\"widget\" data-widget_type=\"heading.default\">\n\t\t\t\t\t<h2 class=\"elementor-heading-title elementor-size-default\">D\u00e9couvrez notre \u00e9quipe<\/h2>\t\t\t\t<\/div>\n\t\t\t\t\t<\/div>\n\t\t\t\t<\/div>\n\t\t<div class=\"elementor-element elementor-element-d65fa01 e-grid e-con-boxed e-con e-parent\" data-id=\"d65fa01\" data-element_type=\"container\" data-e-type=\"container\">\n\t\t\t\t\t<div class=\"e-con-inner\">\n\t\t<div class=\"elementor-element elementor-element-e31aaa2 e-grid e-con-full e-con e-child\" data-id=\"e31aaa2\" data-element_type=\"container\" data-e-type=\"container\">\n\t\t\t\t<div class=\"elementor-element elementor-element-7286cf2 elementor-widget elementor-widget-image\" data-id=\"7286cf2\" data-element_type=\"widget\" data-e-type=\"widget\" data-widget_type=\"image.default\">\n\t\t\t\t\t\t\t\t\t\t\t\t\t\t\t<img data-opt-id=700243698  data-opt-src=\"https:\/\/mlhzlejwk6xn.i.optimole.com\/w:1024\/h:1024\/q:mauto\/f:best\/https:\/\/ogagnon.dectim.ca\/Team-TP2\/wordpress\/wp-content\/uploads\/2026\/04\/BCO.ef5f38bf-baa5-4ee7-9915-fae06adf85a7.png\"  loading=\"lazy\" decoding=\"async\" width=\"1024\" height=\"1024\" src=\"data:image/svg+xml,%3Csvg%20viewBox%3D%220%200%201024%201024%22%20width%3D%221024%22%20height%3D%221024%22%20xmlns%3D%22http%3A%2F%2Fwww.w3.org%2F2000%2Fsvg%22%3E%3Crect%20width%3D%221024%22%20height%3D%221024%22%20fill%3D%22transparent%22%2F%3E%3C%2Fsvg%3E\" class=\"attachment-full size-full wp-image-1143\" alt=\"\" old-srcset=\"https:\/\/mlhzlejwk6xn.i.optimole.com\/w:1024\/h:1024\/q:mauto\/f:best\/https:\/\/ogagnon.dectim.ca\/Team-TP2\/wordpress\/wp-content\/uploads\/2026\/04\/BCO.ef5f38bf-baa5-4ee7-9915-fae06adf85a7.png 1024w, https:\/\/mlhzlejwk6xn.i.optimole.com\/w:300\/h:300\/q:mauto\/f:best\/https:\/\/ogagnon.dectim.ca\/Team-TP2\/wordpress\/wp-content\/uploads\/2026\/04\/BCO.ef5f38bf-baa5-4ee7-9915-fae06adf85a7.png 300w, https:\/\/mlhzlejwk6xn.i.optimole.com\/w:150\/h:150\/q:mauto\/f:best\/https:\/\/ogagnon.dectim.ca\/Team-TP2\/wordpress\/wp-content\/uploads\/2026\/04\/BCO.ef5f38bf-baa5-4ee7-9915-fae06adf85a7.png 150w, https:\/\/mlhzlejwk6xn.i.optimole.com\/w:768\/h:768\/q:mauto\/f:best\/https:\/\/ogagnon.dectim.ca\/Team-TP2\/wordpress\/wp-content\/uploads\/2026\/04\/BCO.ef5f38bf-baa5-4ee7-9915-fae06adf85a7.png 768w\" \/>\t\t\t\t\t\t\t\t\t\t\t\t\t\t\t<\/div>\n\t\t\t\t<div class=\"elementor-element elementor-element-c1bcab5 elementor-widget elementor-widget-heading\" data-id=\"c1bcab5\" data-element_type=\"widget\" data-e-type=\"widget\" data-widget_type=\"heading.default\">\n\t\t\t\t\t<h2 class=\"elementor-heading-title elementor-size-default\">Sandra Dandurant<br>Fondatrice<\/h2>\t\t\t\t<\/div>\n\t\t\t\t<\/div>\n\t\t<div class=\"elementor-element elementor-element-b89cfd2 e-grid e-con-full e-con e-child\" data-id=\"b89cfd2\" data-element_type=\"container\" data-e-type=\"container\">\n\t\t\t\t<div class=\"elementor-element elementor-element-1de7626 elementor-widget elementor-widget-image\" data-id=\"1de7626\" data-element_type=\"widget\" data-e-type=\"widget\" data-widget_type=\"image.default\">\n\t\t\t\t\t\t\t\t\t\t\t\t\t\t\t<img data-opt-id=264613965  data-opt-src=\"https:\/\/mlhzlejwk6xn.i.optimole.com\/w:1024\/h:1024\/q:mauto\/f:best\/https:\/\/ogagnon.dectim.ca\/Team-TP2\/wordpress\/wp-content\/uploads\/2026\/04\/Copilot_20260426_164014.png\"  loading=\"lazy\" decoding=\"async\" width=\"1024\" height=\"1024\" src=\"data:image/svg+xml,%3Csvg%20viewBox%3D%220%200%201024%201024%22%20width%3D%221024%22%20height%3D%221024%22%20xmlns%3D%22http%3A%2F%2Fwww.w3.org%2F2000%2Fsvg%22%3E%3Crect%20width%3D%221024%22%20height%3D%221024%22%20fill%3D%22transparent%22%2F%3E%3C%2Fsvg%3E\" class=\"attachment-full size-full wp-image-1142\" alt=\"\" old-srcset=\"https:\/\/mlhzlejwk6xn.i.optimole.com\/w:1024\/h:1024\/q:mauto\/f:best\/https:\/\/ogagnon.dectim.ca\/Team-TP2\/wordpress\/wp-content\/uploads\/2026\/04\/Copilot_20260426_164014.png 1024w, https:\/\/mlhzlejwk6xn.i.optimole.com\/w:300\/h:300\/q:mauto\/f:best\/https:\/\/ogagnon.dectim.ca\/Team-TP2\/wordpress\/wp-content\/uploads\/2026\/04\/Copilot_20260426_164014.png 300w, https:\/\/mlhzlejwk6xn.i.optimole.com\/w:150\/h:150\/q:mauto\/f:best\/https:\/\/ogagnon.dectim.ca\/Team-TP2\/wordpress\/wp-content\/uploads\/2026\/04\/Copilot_20260426_164014.png 150w, https:\/\/mlhzlejwk6xn.i.optimole.com\/w:768\/h:768\/q:mauto\/f:best\/https:\/\/ogagnon.dectim.ca\/Team-TP2\/wordpress\/wp-content\/uploads\/2026\/04\/Copilot_20260426_164014.png 768w\" \/>\t\t\t\t\t\t\t\t\t\t\t\t\t\t\t<\/div>\n\t\t\t\t<div class=\"elementor-element elementor-element-eb4d415 elementor-widget elementor-widget-heading\" data-id=\"eb4d415\" data-element_type=\"widget\" data-e-type=\"widget\" data-widget_type=\"heading.default\">\n\t\t\t\t\t<h2 class=\"elementor-heading-title elementor-size-default\">Robert Samson<br>PDG<\/h2>\t\t\t\t<\/div>\n\t\t\t\t<\/div>\n\t\t<div class=\"elementor-element elementor-element-4a26a6d e-con-full e-flex e-con e-child\" data-id=\"4a26a6d\" data-element_type=\"container\" data-e-type=\"container\">\n\t\t\t\t<div class=\"elementor-element elementor-element-671297d elementor-widget elementor-widget-heading\" data-id=\"671297d\" data-element_type=\"widget\" data-e-type=\"widget\" data-widget_type=\"heading.default\">\n\t\t\t\t\t<h4 class=\"elementor-heading-title elementor-size-default\">Notre entreprise<\/h4>\t\t\t\t<\/div>\n\t\t\t\t<div class=\"elementor-element elementor-element-164e904 elementor-widget elementor-widget-heading\" data-id=\"164e904\" data-element_type=\"widget\" data-e-type=\"widget\" data-widget_type=\"heading.default\">\n\t\t\t\t\t<h2 class=\"elementor-heading-title elementor-size-default\"><span style=\"font-weight:normal\" id=\"docs-internal-guid-d1118ec9-7fff-5835-aff8-60d0b1c47d7e\"><p dir=\"ltr\" style=\"line-height:1.38;margin-top:0pt;margin-bottom:0pt\"><span style=\"font-size: 11pt;font-family: Arial, sans-serif;background-color: transparent;vertical-align: baseline\">Vivez une exp\u00e9rience immersive et interactive unique, o\u00f9 films, jeux vid\u00e9o, man\u00e8ges et environnements prennent vie comme jamais auparavant. . Vent, eau, chaleur, odeurs et m\u00eame sensations d\u2019apesanteur s\u2019harmonisent pour recr\u00e9er chaque environnement avec un r\u00e9alisme saisissant. Choisissez parmi nos exp\u00e9riences immersives et laissez-vous transporter gr\u00e2ce \u00e0 une technologie innovante qui vous permet de voyager, tout en restant pr\u00e8s de chez vous.<\/span><\/p><\/span><h2 class=\"elementor-heading-title elementor-size-default elementor-inline-editing pen\" data-elementor-setting-key=\"title\" data-pen-placeholder=\"Saisir ici...\" style=\"font-size: 22px;font-style: normal;font-weight: 600;font-family: Roboto, sans-serif\"><\/h2><\/h2>\t\t\t\t<\/div>\n\t\t\t\t<\/div>\n\t\t\t\t\t<\/div>\n\t\t\t\t<\/div>\n\t\t\t\t<\/div>\n\t\t","protected":false},"excerpt":{"rendered":"<p>\u00a0 \u00a0 D\u00e9couvrez nos installations D\u00e9couvrez notre \u00e9quipe Sandra DandurantFondatrice Robert SamsonPDG Notre entreprise Vivez une exp\u00e9rience immersive et interactive [&hellip;]<\/p>\n","protected":false},"author":3,"featured_media":0,"parent":0,"menu_order":0,"comment_status":"closed","ping_status":"closed","template":"","meta":{"_uag_custom_page_level_css":"","site-sidebar-layout":"no-sidebar","site-content-layout":"","ast-site-content-layout":"full-width-container","site-content-style":"default","site-sidebar-style":"default","ast-global-header-display":"","ast-banner-title-visibility":"","ast-main-header-display":"","ast-hfb-above-header-display":"","ast-hfb-below-header-display":"","ast-hfb-mobile-header-display":"","site-post-title":"disabled","ast-breadcrumbs-content":"","ast-featured-img":"disabled","footer-sml-layout":"","ast-disable-related-posts":"","theme-transparent-header-meta":"","adv-header-id-meta":"","stick-header-meta":"","header-above-stick-meta":"","header-main-stick-meta":"","header-below-stick-meta":"","astra-migrate-meta-layouts":"default","ast-page-background-enabled":"default","ast-page-background-meta":{"desktop":{"background-color":"var(--ast-global-color-5)","background-image":"","background-repeat":"repeat","background-position":"center center","background-size":"auto","background-attachment":"scroll","background-type":"","background-media":"","overlay-type":"","overlay-color":"","overlay-opacity":"","overlay-gradient":""},"tablet":{"background-color":"","background-image":"","background-repeat":"repeat","background-position":"center center","background-size":"auto","background-attachment":"scroll","background-type":"","background-media":"","overlay-type":"","overlay-color":"","overlay-opacity":"","overlay-gradient":""},"mobile":{"background-color":"","background-image":"","background-repeat":"repeat","background-position":"center center","background-size":"auto","background-attachment":"scroll","background-type":"","background-media":"","overlay-type":"","overlay-color":"","overlay-opacity":"","overlay-gradient":""}},"ast-content-background-meta":{"desktop":{"background-color":"var(--ast-global-color-4)","background-image":"","background-repeat":"repeat","background-position":"center center","background-size":"auto","background-attachment":"scroll","background-type":"","background-media":"","overlay-type":"","overlay-color":"","overlay-opacity":"","overlay-gradient":""},"tablet":{"background-color":"var(--ast-global-color-4)","background-image":"","background-repeat":"repeat","background-position":"center center","background-size":"auto","background-attachment":"scroll","background-type":"","background-media":"","overlay-type":"","overlay-color":"","overlay-opacity":"","overlay-gradient":""},"mobile":{"background-color":"var(--ast-global-color-4)","background-image":"","background-repeat":"repeat","background-position":"center center","background-size":"auto","background-attachment":"scroll","background-type":"","background-media":"","overlay-type":"","overlay-color":"","overlay-opacity":"","overlay-gradient":""}},"footnotes":""},"class_list":["post-15","page","type-page","status-publish","hentry"],"uagb_featured_image_src":{"full":false,"thumbnail":false,"medium":false,"medium_large":false,"large":false,"1536x1536":false,"2048x2048":false},"uagb_author_info":{"display_name":"Raphael Pagny","author_link":"https:\/\/ogagnon.dectim.ca\/Team-TP2\/wordpress\/author\/raph\/"},"uagb_comment_info":0,"uagb_excerpt":"\u00a0 \u00a0 D\u00e9couvrez nos installations D\u00e9couvrez notre \u00e9quipe Sandra DandurantFondatrice Robert SamsonPDG Notre entreprise Vivez une exp\u00e9rience immersive et interactive [&hellip;]","_links":{"self":[{"href":"https:\/\/ogagnon.dectim.ca\/Team-TP2\/wordpress\/wp-json\/wp\/v2\/pages\/15","targetHints":{"allow":["GET"]}}],"collection":[{"href":"https:\/\/ogagnon.dectim.ca\/Team-TP2\/wordpress\/wp-json\/wp\/v2\/pages"}],"about":[{"href":"https:\/\/ogagnon.dectim.ca\/Team-TP2\/wordpress\/wp-json\/wp\/v2\/types\/page"}],"author":[{"embeddable":true,"href":"https:\/\/ogagnon.dectim.ca\/Team-TP2\/wordpress\/wp-json\/wp\/v2\/users\/3"}],"replies":[{"embeddable":true,"href":"https:\/\/ogagnon.dectim.ca\/Team-TP2\/wordpress\/wp-json\/wp\/v2\/comments?post=15"}],"version-history":[{"count":266,"href":"https:\/\/ogagnon.dectim.ca\/Team-TP2\/wordpress\/wp-json\/wp\/v2\/pages\/15\/revisions"}],"predecessor-version":[{"id":1355,"href":"https:\/\/ogagnon.dectim.ca\/Team-TP2\/wordpress\/wp-json\/wp\/v2\/pages\/15\/revisions\/1355"}],"wp:attachment":[{"href":"https:\/\/ogagnon.dectim.ca\/Team-TP2\/wordpress\/wp-json\/wp\/v2\/media?parent=15"}],"curies":[{"name":"wp","href":"https:\/\/api.w.org\/{rel}","templated":true}]}}