{"id":149,"date":"2026-02-17T10:29:46","date_gmt":"2026-02-17T15:29:46","guid":{"rendered":"https:\/\/ogagnon.dectim.ca\/Team-TP2\/wordpress\/?page_id=149"},"modified":"2026-04-27T16:04:10","modified_gmt":"2026-04-27T20:04:10","slug":"sofia-martinez","status":"publish","type":"page","link":"https:\/\/ogagnon.dectim.ca\/Team-TP2\/wordpress\/sofia-martinez\/","title":{"rendered":"Sofia Martinez"},"content":{"rendered":"\n<div class=\"wp-block-columns is-layout-flex wp-container-core-columns-is-layout-28f84493 wp-block-columns-is-layout-flex\">\n<div class=\"wp-block-column is-vertically-aligned-center is-layout-flow wp-container-core-column-is-layout-0ab540ad wp-block-column-is-layout-flow\">\n<div class=\"wp-block-group is-layout-constrained wp-container-core-group-is-layout-19e250f3 wp-block-group-is-layout-constrained\">\n<h2 class=\"wp-block-heading\"><strong><strong>Artiste 3D<\/strong><\/strong><\/h2>\n<\/div>\n\n\n\n<div class=\"wp-block-group is-layout-constrained wp-block-group-is-layout-constrained\">\n<div class=\"wp-block-group is-layout-constrained wp-container-core-group-is-layout-19e250f3 wp-block-group-is-layout-constrained\">\n<h3 class=\"wp-block-heading\"><strong>R\u00f4le dans l\u2019\u00e9quipe<\/strong><\/h3>\n\n\n\n<p class=\"has-ast-global-color-2-color has-text-color has-link-color wp-elements-6284bda2c45526f61ba383fc8dcb9e56\">Cr\u00e9e les environnements et \u00e9l\u00e9ments visuels en 3D.<\/p>\n<\/div>\n\n\n\n<div class=\"wp-block-group is-layout-constrained wp-container-core-group-is-layout-be04af43 wp-block-group-is-layout-constrained\" style=\"margin-top:0;margin-bottom:0\">\n<h3 class=\"wp-block-heading\"><strong>Description du m\u00e9tier<\/strong><\/h3>\n\n\n\n<p class=\"has-ast-global-color-2-color has-text-color has-link-color wp-elements-437826a796e6cb297ca2bc3d3d0ca54f\">Elle mod\u00e9lise des univers immersifs r\u00e9alistes ou stylis\u00e9s.<\/p>\n<\/div>\n<\/div>\n<\/div>\n\n\n\n<div class=\"wp-block-column is-layout-flow wp-block-column-is-layout-flow\">\n<figure class=\"wp-block-image size-full is-resized has-custom-border\"><img data-opt-id=2065805943  fetchpriority=\"high\" decoding=\"async\" width=\"1707\" height=\"2560\" src=\"https:\/\/mlhzlejwk6xn.i.optimole.com\/w:auto\/h:auto\/q:mauto\/f:best\/https:\/\/ogagnon.dectim.ca\/Team-TP2\/wordpress\/wp-content\/uploads\/2026\/04\/christina-wocintechchat-com-m-SJvDxw0azqw-unsplash-scaled.jpg\" alt=\"\" class=\"wp-image-1073\" style=\"border-top-left-radius:100px;border-bottom-right-radius:100px;aspect-ratio:1;object-fit:cover;width:785px;height:auto\" srcset=\"https:\/\/mlhzlejwk6xn.i.optimole.com\/w:1707\/h:2560\/q:mauto\/f:best\/https:\/\/ogagnon.dectim.ca\/Team-TP2\/wordpress\/wp-content\/uploads\/2026\/04\/christina-wocintechchat-com-m-SJvDxw0azqw-unsplash-scaled.jpg 1707w, https:\/\/mlhzlejwk6xn.i.optimole.com\/w:200\/h:300\/q:mauto\/f:best\/https:\/\/ogagnon.dectim.ca\/Team-TP2\/wordpress\/wp-content\/uploads\/2026\/04\/christina-wocintechchat-com-m-SJvDxw0azqw-unsplash-scaled.jpg 200w, https:\/\/mlhzlejwk6xn.i.optimole.com\/w:683\/h:1024\/q:mauto\/f:best\/https:\/\/ogagnon.dectim.ca\/Team-TP2\/wordpress\/wp-content\/uploads\/2026\/04\/christina-wocintechchat-com-m-SJvDxw0azqw-unsplash-scaled.jpg 683w, https:\/\/mlhzlejwk6xn.i.optimole.com\/w:768\/h:1152\/q:mauto\/f:best\/https:\/\/ogagnon.dectim.ca\/Team-TP2\/wordpress\/wp-content\/uploads\/2026\/04\/christina-wocintechchat-com-m-SJvDxw0azqw-unsplash-scaled.jpg 768w, https:\/\/mlhzlejwk6xn.i.optimole.com\/w:1024\/h:1536\/q:mauto\/f:best\/https:\/\/ogagnon.dectim.ca\/Team-TP2\/wordpress\/wp-content\/uploads\/2026\/04\/christina-wocintechchat-com-m-SJvDxw0azqw-unsplash-scaled.jpg 1024w, https:\/\/mlhzlejwk6xn.i.optimole.com\/w:1365\/h:2048\/q:mauto\/f:best\/https:\/\/ogagnon.dectim.ca\/Team-TP2\/wordpress\/wp-content\/uploads\/2026\/04\/christina-wocintechchat-com-m-SJvDxw0azqw-unsplash-scaled.jpg 1365w\" sizes=\"(max-width: 1000px) 100vw, 1000px\" \/><\/figure>\n<\/div>\n<\/div>\n\n\n\n<div class=\"wp-block-columns is-layout-flex wp-container-core-columns-is-layout-87527e6a wp-block-columns-is-layout-flex\" style=\"padding-right:var(--wp--preset--spacing--70);padding-left:var(--wp--preset--spacing--70)\">\n<div class=\"wp-block-column is-layout-flow wp-block-column-is-layout-flow\">\n<div class=\"wp-block-group is-layout-constrained wp-block-group-is-layout-constrained\">\n<h2 class=\"wp-block-heading has-text-align-left\"><strong>T\u00e2ches principales<\/strong><\/h2>\n\n\n\n<ul class=\"wp-block-list\">\n<li>&nbsp;Elle mod\u00e9lise des univers immersifs r\u00e9alistes ou stylis\u00e9s.<\/li>\n\n\n\n<li>Texturing et lighting<\/li>\n\n\n\n<li>Optimisation pour temps r\u00e9el<\/li>\n\n\n\n<li>Collaborer avec les \u00e9quipes techniques<\/li>\n<\/ul>\n<\/div>\n<\/div>\n\n\n\n<div class=\"wp-block-column is-layout-flow wp-block-column-is-layout-flow\">\n<h2 class=\"wp-block-heading has-text-align-left\">Comp\u00e9tences cl\u00e9s<\/h2>\n\n\n\n<ul class=\"wp-block-list\">\n<li>Mod\u00e9lisation<\/li>\n\n\n\n<li>Sens artistique<\/li>\n\n\n\n<li>Attention aux d\u00e9tails<\/li>\n<\/ul>\n<\/div>\n<\/div>\n\n\n\n<div class=\"wp-block-group is-content-justification-left is-layout-constrained wp-container-core-group-is-layout-8785cbc7 wp-block-group-is-layout-constrained\" style=\"padding-right:var(--wp--preset--spacing--70);padding-left:var(--wp--preset--spacing--70)\">\n<ul class=\"wp-block-list\">\n<li>Environnement de travail\n<ul class=\"wp-block-list\">\n<li><strong><strong>&nbsp;Blender, Substance Painter, Unity.<\/strong><\/strong><\/li>\n<\/ul>\n<\/li>\n\n\n\n<li><strong>Formation recommand\u00e9e<\/strong>\n<ul class=\"wp-block-list\">\n<li>&nbsp;Technique ou BAC en animation 3D ou multim\u00e9dia.<\/li>\n<\/ul>\n<\/li>\n\n\n\n<li><strong>Perspectives d\u2019emploi<\/strong>\n<ul class=\"wp-block-list\">\n<li><strong>&nbsp;Artiste senior, direction artistique 3D.<\/strong><\/li>\n<\/ul>\n<\/li>\n\n\n\n<li><strong>Salaire moyen<\/strong>\n<ul class=\"wp-block-list\">\n<li><strong><strong>&nbsp;55 000 $ \u00e0 80 000 $ \/ an.<\/strong><\/strong><\/li>\n<\/ul>\n<\/li>\n<\/ul>\n<\/div>\n","protected":false},"excerpt":{"rendered":"<p>Artiste 3D R\u00f4le dans l\u2019\u00e9quipe Cr\u00e9e les environnements et \u00e9l\u00e9ments visuels en 3D. Description du m\u00e9tier Elle mod\u00e9lise des univers [&hellip;]<\/p>\n","protected":false},"author":2,"featured_media":0,"parent":0,"menu_order":0,"comment_status":"closed","ping_status":"closed","template":"","meta":{"_uag_custom_page_level_css":"","site-sidebar-layout":"default","site-content-layout":"","ast-site-content-layout":"default","site-content-style":"default","site-sidebar-style":"default","ast-global-header-display":"","ast-banner-title-visibility":"","ast-main-header-display":"","ast-hfb-above-header-display":"","ast-hfb-below-header-display":"","ast-hfb-mobile-header-display":"","site-post-title":"","ast-breadcrumbs-content":"","ast-featured-img":"","footer-sml-layout":"","ast-disable-related-posts":"","theme-transparent-header-meta":"","adv-header-id-meta":"","stick-header-meta":"","header-above-stick-meta":"","header-main-stick-meta":"","header-below-stick-meta":"","astra-migrate-meta-layouts":"default","ast-page-background-enabled":"default","ast-page-background-meta":{"desktop":{"background-color":"var(--ast-global-color-5)","background-image":"","background-repeat":"repeat","background-position":"center center","background-size":"auto","background-attachment":"scroll","background-type":"","background-media":"","overlay-type":"","overlay-color":"","overlay-opacity":"","overlay-gradient":""},"tablet":{"background-color":"","background-image":"","background-repeat":"repeat","background-position":"center center","background-size":"auto","background-attachment":"scroll","background-type":"","background-media":"","overlay-type":"","overlay-color":"","overlay-opacity":"","overlay-gradient":""},"mobile":{"background-color":"","background-image":"","background-repeat":"repeat","background-position":"center center","background-size":"auto","background-attachment":"scroll","background-type":"","background-media":"","overlay-type":"","overlay-color":"","overlay-opacity":"","overlay-gradient":""}},"ast-content-background-meta":{"desktop":{"background-color":"var(--ast-global-color-4)","background-image":"","background-repeat":"repeat","background-position":"center center","background-size":"auto","background-attachment":"scroll","background-type":"","background-media":"","overlay-type":"","overlay-color":"","overlay-opacity":"","overlay-gradient":""},"tablet":{"background-color":"var(--ast-global-color-4)","background-image":"","background-repeat":"repeat","background-position":"center center","background-size":"auto","background-attachment":"scroll","background-type":"","background-media":"","overlay-type":"","overlay-color":"","overlay-opacity":"","overlay-gradient":""},"mobile":{"background-color":"var(--ast-global-color-4)","background-image":"","background-repeat":"repeat","background-position":"center center","background-size":"auto","background-attachment":"scroll","background-type":"","background-media":"","overlay-type":"","overlay-color":"","overlay-opacity":"","overlay-gradient":""}},"footnotes":""},"class_list":["post-149","page","type-page","status-publish","hentry"],"uagb_featured_image_src":{"full":false,"thumbnail":false,"medium":false,"medium_large":false,"large":false,"1536x1536":false,"2048x2048":false},"uagb_author_info":{"display_name":"Kamille Daoust","author_link":"https:\/\/ogagnon.dectim.ca\/Team-TP2\/wordpress\/author\/chamomille\/"},"uagb_comment_info":0,"uagb_excerpt":"Artiste 3D R\u00f4le dans l\u2019\u00e9quipe Cr\u00e9e les environnements et \u00e9l\u00e9ments visuels en 3D. Description du m\u00e9tier Elle mod\u00e9lise des univers [&hellip;]","_links":{"self":[{"href":"https:\/\/ogagnon.dectim.ca\/Team-TP2\/wordpress\/wp-json\/wp\/v2\/pages\/149","targetHints":{"allow":["GET"]}}],"collection":[{"href":"https:\/\/ogagnon.dectim.ca\/Team-TP2\/wordpress\/wp-json\/wp\/v2\/pages"}],"about":[{"href":"https:\/\/ogagnon.dectim.ca\/Team-TP2\/wordpress\/wp-json\/wp\/v2\/types\/page"}],"author":[{"embeddable":true,"href":"https:\/\/ogagnon.dectim.ca\/Team-TP2\/wordpress\/wp-json\/wp\/v2\/users\/2"}],"replies":[{"embeddable":true,"href":"https:\/\/ogagnon.dectim.ca\/Team-TP2\/wordpress\/wp-json\/wp\/v2\/comments?post=149"}],"version-history":[{"count":14,"href":"https:\/\/ogagnon.dectim.ca\/Team-TP2\/wordpress\/wp-json\/wp\/v2\/pages\/149\/revisions"}],"predecessor-version":[{"id":1359,"href":"https:\/\/ogagnon.dectim.ca\/Team-TP2\/wordpress\/wp-json\/wp\/v2\/pages\/149\/revisions\/1359"}],"wp:attachment":[{"href":"https:\/\/ogagnon.dectim.ca\/Team-TP2\/wordpress\/wp-json\/wp\/v2\/media?parent=149"}],"curies":[{"name":"wp","href":"https:\/\/api.w.org\/{rel}","templated":true}]}}