{"id":106,"date":"2026-02-10T11:36:26","date_gmt":"2026-02-10T16:36:26","guid":{"rendered":"https:\/\/ogagnon.dectim.ca\/Team-TP2\/wordpress\/?page_id=106"},"modified":"2026-04-27T14:11:12","modified_gmt":"2026-04-27T18:11:12","slug":"portfolio","status":"publish","type":"page","link":"https:\/\/ogagnon.dectim.ca\/Team-TP2\/wordpress\/portfolio\/","title":{"rendered":"Portfolio"},"content":{"rendered":"\n<div class=\"wp-block-cover is-light\"><img data-opt-id=1232124184  fetchpriority=\"high\" decoding=\"async\" width=\"1024\" height=\"683\" class=\"wp-block-cover__image-background wp-image-1060 size-large\" alt=\"\" src=\"https:\/\/mlhzlejwk6xn.i.optimole.com\/w:1024\/h:683\/q:mauto\/f:best\/https:\/\/ogagnon.dectim.ca\/Team-TP2\/wordpress\/wp-content\/uploads\/2026\/04\/portfolio-1.jpg\" data-object-fit=\"cover\" srcset=\"https:\/\/mlhzlejwk6xn.i.optimole.com\/w:1024\/h:683\/q:mauto\/f:best\/https:\/\/ogagnon.dectim.ca\/Team-TP2\/wordpress\/wp-content\/uploads\/2026\/04\/portfolio-1.jpg 1024w, https:\/\/mlhzlejwk6xn.i.optimole.com\/w:300\/h:200\/q:mauto\/f:best\/https:\/\/ogagnon.dectim.ca\/Team-TP2\/wordpress\/wp-content\/uploads\/2026\/04\/portfolio-1.jpg 300w, https:\/\/mlhzlejwk6xn.i.optimole.com\/w:768\/h:512\/q:mauto\/f:best\/https:\/\/ogagnon.dectim.ca\/Team-TP2\/wordpress\/wp-content\/uploads\/2026\/04\/portfolio-1.jpg 768w, https:\/\/mlhzlejwk6xn.i.optimole.com\/w:1536\/h:1024\/q:mauto\/f:best\/https:\/\/ogagnon.dectim.ca\/Team-TP2\/wordpress\/wp-content\/uploads\/2026\/04\/portfolio-1.jpg 1536w, https:\/\/mlhzlejwk6xn.i.optimole.com\/w:1920\/h:1279\/q:mauto\/f:best\/https:\/\/ogagnon.dectim.ca\/Team-TP2\/wordpress\/wp-content\/uploads\/2026\/04\/portfolio-1.jpg 2048w\" sizes=\"(max-width: 1000px) 100vw, 1000px\" \/><span aria-hidden=\"true\" class=\"wp-block-cover__background has-background-dim-0 has-background-dim\"><\/span><div class=\"wp-block-cover__inner-container is-layout-constrained wp-block-cover-is-layout-constrained\">\n<p class=\"has-text-align-center has-large-font-size\"><\/p>\n<\/div><\/div>\n\n\n\n<p style=\"padding-right:var(--wp--preset--spacing--60);padding-left:var(--wp--preset--spacing--60)\"><br>D\u00e9couvrez nos projets immersifs con\u00e7us par les membres de notre \u00e9quipe multidisciplinaire. Chacun met en valeur une approche unique de l\u2019exp\u00e9rience multisensorielle, en combinant narration interactive, environnements visuels enveloppants et effets sensoriels.<\/p>\n\n\n\n<div class=\"wp-block-uagb-container uagb-block-ab8f3ca5 alignfull uagb-is-root-container\">\n<div data-aos= \"fade-right\" data-aos-duration=\"400\" data-aos-delay=\"0\" data-aos-easing=\"ease\" data-aos-once=\"true\" class=\"wp-block-uagb-container uagb-block-f605a20c\">\n<div class=\"wp-block-uagb-image uagb-block-571299f9 wp-block-uagb-image--layout-overlay wp-block-uagb-image--effect-static wp-block-uagb-image--align-none\"><figure class=\"wp-block-uagb-image__figure\"><a class=\"\" href=\"https:\/\/ogagnon.dectim.ca\/Team-TP2\/wordpress\/projet-1-horizon-fantastique\/\" target=\"\" rel=\"noopener\"><img data-opt-id=351570120  fetchpriority=\"high\" loading=\"lazy\" decoding=\"async\" srcset=\"https:\/\/mlhzlejwk6xn.i.optimole.com\/w:auto\/h:auto\/q:mauto\/f:best\/https:\/\/ogagnon.dectim.ca\/Team-TP2\/wordpress\/wp-content\/uploads\/2026\/03\/lln6hzbfpr8ok0dpmpz5.webp ,https:\/\/mlhzlejwk6xn.i.optimole.com\/w:auto\/h:auto\/q:mauto\/f:best\/https:\/\/ogagnon.dectim.ca\/Team-TP2\/wordpress\/wp-content\/uploads\/2026\/03\/lln6hzbfpr8ok0dpmpz5.webp 780w, https:\/\/mlhzlejwk6xn.i.optimole.com\/w:auto\/h:auto\/q:mauto\/f:best\/https:\/\/ogagnon.dectim.ca\/Team-TP2\/wordpress\/wp-content\/uploads\/2026\/03\/lln6hzbfpr8ok0dpmpz5.webp 360w\" sizes=\"auto, (max-width: 480px) 150px\" src=\"https:\/\/mlhzlejwk6xn.i.optimole.com\/w:auto\/h:auto\/q:mauto\/f:best\/https:\/\/ogagnon.dectim.ca\/Team-TP2\/wordpress\/wp-content\/uploads\/2026\/03\/lln6hzbfpr8ok0dpmpz5.webp\" alt=\"\" class=\"uag-image-828\" width=\"692\" height=\"337\" title=\"lln6hzbfpr8ok0dpmpz5\" loading=\"lazy\" role=\"img\"\/><\/a><div class=\"wp-block-uagb-image--layout-overlay__color-wrapper\"><\/div><div class=\"wp-block-uagb-image--layout-overlay__inner center-center\"><a class=\"wp-block-uagb-image--layout-overlay-link \" href=\"https:\/\/ogagnon.dectim.ca\/Team-TP2\/wordpress\/projet-1-horizon-fantastique\/\" target=\"\" rel=\"noopener\"><\/a><h2 class=\"uagb-image-heading\">Voyage interstellaire<\/h2><figcaption class=\"uagb-image-caption\">Mon projet final dans le cadre de mon cours d\u2019animation 3D avait pour but d\u2019aller\u00a0<strong>chercher des mod\u00e9lisations d\u00e9j\u00e0 faites ou de les mod\u00e9liser nous-m\u00eames<\/strong>\u00a0\u00e0 la main pour ensuite les\u00a0<strong>animer dans un mini court m\u00e9trage<\/strong>.<\/figcaption><\/div><\/figure><\/div>\n<\/div>\n\n\n\n<div data-aos= \"slide-up\" data-aos-duration=\"400\" data-aos-delay=\"0\" data-aos-easing=\"ease\" data-aos-once=\"true\" class=\"wp-block-uagb-container uagb-block-b2833c9e\">\n<div class=\"wp-block-uagb-image uagb-block-20ef39ee wp-block-uagb-image--layout-overlay wp-block-uagb-image--effect-static wp-block-uagb-image--align-none\"><figure class=\"wp-block-uagb-image__figure\"><a class=\"\" href=\"https:\/\/ogagnon.dectim.ca\/Team-TP2\/wordpress\/projet-2-parcours-sensoriel-urbain\/\" target=\"\" rel=\"noopener\"><img data-opt-id=359563165  data-opt-src=\"https:\/\/mlhzlejwk6xn.i.optimole.com\/w:auto\/h:auto\/q:mauto\/f:best\/https:\/\/ogagnon.dectim.ca\/Team-TP2\/wordpress\/wp-content\/uploads\/2026\/03\/jxgesbmaegqsnqko9kbt.webp\"  loading=\"lazy\" decoding=\"async\" old-srcset=\"https:\/\/mlhzlejwk6xn.i.optimole.com\/w:auto\/h:auto\/q:mauto\/f:best\/https:\/\/ogagnon.dectim.ca\/Team-TP2\/wordpress\/wp-content\/uploads\/2026\/03\/jxgesbmaegqsnqko9kbt.webp ,https:\/\/mlhzlejwk6xn.i.optimole.com\/w:auto\/h:auto\/q:mauto\/f:best\/https:\/\/ogagnon.dectim.ca\/Team-TP2\/wordpress\/wp-content\/uploads\/2026\/03\/jxgesbmaegqsnqko9kbt.webp 780w, https:\/\/mlhzlejwk6xn.i.optimole.com\/w:auto\/h:auto\/q:mauto\/f:best\/https:\/\/ogagnon.dectim.ca\/Team-TP2\/wordpress\/wp-content\/uploads\/2026\/03\/jxgesbmaegqsnqko9kbt.webp 360w\" src=\"data:image/svg+xml,%3Csvg%20viewBox%3D%220%200%20100%%20100%%22%20width%3D%22100%%22%20height%3D%22100%%22%20xmlns%3D%22http%3A%2F%2Fwww.w3.org%2F2000%2Fsvg%22%3E%3Crect%20width%3D%22100%%22%20height%3D%22100%%22%20fill%3D%22transparent%22%2F%3E%3C%2Fsvg%3E\" alt=\"\" class=\"uag-image-826\" width=\"692\" height=\"337\" title=\"jxgesbmaegqsnqko9kbt\" loading=\"lazy\" role=\"img\"\/><\/a><div class=\"wp-block-uagb-image--layout-overlay__color-wrapper\"><\/div><div class=\"wp-block-uagb-image--layout-overlay__inner center-center\"><a class=\"wp-block-uagb-image--layout-overlay-link \" href=\"https:\/\/ogagnon.dectim.ca\/Team-TP2\/wordpress\/projet-2-parcours-sensoriel-urbain\/\" target=\"\" rel=\"noopener\"><\/a><h2 class=\"uagb-image-heading\">Le tombeau maudit<\/h2><figcaption class=\"uagb-image-caption\">Ce projet final a \u00e9t\u00e9 r\u00e9alis\u00e9 dans le cadre du cours d\u2019animation multim\u00e9dia avec Blender. L&rsquo;objectif du projet \u00e9tait de cr\u00e9er un environnement et un vaisseau, pour ensuite les mod\u00e9liser, texturer et animer<\/figcaption><\/div><\/figure><\/div>\n<\/div>\n\n\n\n<div data-aos= \"slide-left\" data-aos-duration=\"400\" data-aos-delay=\"0\" data-aos-easing=\"ease\" data-aos-once=\"true\" class=\"wp-block-uagb-container uagb-block-52c22708\">\n<div class=\"wp-block-uagb-image uagb-block-642c7eef wp-block-uagb-image--layout-overlay wp-block-uagb-image--effect-static wp-block-uagb-image--align-none\"><figure class=\"wp-block-uagb-image__figure\"><a class=\"\" href=\"https:\/\/ogagnon.dectim.ca\/Team-TP2\/wordpress\/projet-3-reacteur-interactif\/\" target=\"\" rel=\"noopener\"><img data-opt-id=1687745178  data-opt-src=\"https:\/\/mlhzlejwk6xn.i.optimole.com\/w:auto\/h:auto\/q:mauto\/f:best\/https:\/\/ogagnon.dectim.ca\/Team-TP2\/wordpress\/wp-content\/uploads\/2026\/03\/0261.png\"  loading=\"lazy\" decoding=\"async\" old-srcset=\"https:\/\/mlhzlejwk6xn.i.optimole.com\/w:auto\/h:auto\/q:mauto\/f:best\/https:\/\/ogagnon.dectim.ca\/Team-TP2\/wordpress\/wp-content\/uploads\/2026\/03\/0261.png ,https:\/\/mlhzlejwk6xn.i.optimole.com\/w:auto\/h:auto\/q:mauto\/f:best\/https:\/\/ogagnon.dectim.ca\/Team-TP2\/wordpress\/wp-content\/uploads\/2026\/03\/0261.png 780w, https:\/\/mlhzlejwk6xn.i.optimole.com\/w:auto\/h:auto\/q:mauto\/f:best\/https:\/\/ogagnon.dectim.ca\/Team-TP2\/wordpress\/wp-content\/uploads\/2026\/03\/0261.png 360w\" src=\"data:image/svg+xml,%3Csvg%20viewBox%3D%220%200%20100%%20100%%22%20width%3D%22100%%22%20height%3D%22100%%22%20xmlns%3D%22http%3A%2F%2Fwww.w3.org%2F2000%2Fsvg%22%3E%3Crect%20width%3D%22100%%22%20height%3D%22100%%22%20fill%3D%22transparent%22%2F%3E%3C%2Fsvg%3E\" alt=\"\" class=\"uag-image-876\" width=\"692\" height=\"337\" title=\"0261\" loading=\"lazy\" role=\"img\"\/><\/a><div class=\"wp-block-uagb-image--layout-overlay__color-wrapper\"><\/div><div class=\"wp-block-uagb-image--layout-overlay__inner center-center\"><a class=\"wp-block-uagb-image--layout-overlay-link \" href=\"https:\/\/ogagnon.dectim.ca\/Team-TP2\/wordpress\/projet-3-reacteur-interactif\/\" target=\"\" rel=\"noopener\"><\/a><h2 class=\"uagb-image-heading\">Vaisseau spatial<\/h2><figcaption class=\"uagb-image-caption\">Ceci est un projet \u00e9tudiant r\u00e9alis\u00e9 dans le cadre du cours d\u2019animation multim\u00e9dia de la technique d\u2019int\u00e9gration multim\u00e9dia. L\u2019objectif du projet \u00e9tait de mod\u00e9liser et texturer un vaisseau, pour ensuite l\u2019animer dans un environnement \u00e9galement mod\u00e9lis\u00e9 en 3D.<\/figcaption><\/div><\/figure><\/div>\n<\/div>\n<\/div>\n\n\n\n<p><\/p>\n","protected":false},"excerpt":{"rendered":"<p>D\u00e9couvrez nos projets immersifs con\u00e7us par les membres de notre \u00e9quipe multidisciplinaire. Chacun met en valeur une approche unique de [&hellip;]<\/p>\n","protected":false},"author":3,"featured_media":0,"parent":0,"menu_order":0,"comment_status":"closed","ping_status":"closed","template":"","meta":{"_uag_custom_page_level_css":"","site-sidebar-layout":"default","site-content-layout":"","ast-site-content-layout":"default","site-content-style":"default","site-sidebar-style":"default","ast-global-header-display":"","ast-banner-title-visibility":"","ast-main-header-display":"","ast-hfb-above-header-display":"","ast-hfb-below-header-display":"","ast-hfb-mobile-header-display":"","site-post-title":"disabled","ast-breadcrumbs-content":"","ast-featured-img":"","footer-sml-layout":"","ast-disable-related-posts":"","theme-transparent-header-meta":"","adv-header-id-meta":"","stick-header-meta":"","header-above-stick-meta":"","header-main-stick-meta":"","header-below-stick-meta":"","astra-migrate-meta-layouts":"default","ast-page-background-enabled":"default","ast-page-background-meta":{"desktop":{"background-color":"var(--ast-global-color-5)","background-image":"","background-repeat":"repeat","background-position":"center center","background-size":"auto","background-attachment":"scroll","background-type":"","background-media":"","overlay-type":"","overlay-color":"","overlay-opacity":"","overlay-gradient":""},"tablet":{"background-color":"","background-image":"","background-repeat":"repeat","background-position":"center center","background-size":"auto","background-attachment":"scroll","background-type":"","background-media":"","overlay-type":"","overlay-color":"","overlay-opacity":"","overlay-gradient":""},"mobile":{"background-color":"","background-image":"","background-repeat":"repeat","background-position":"center center","background-size":"auto","background-attachment":"scroll","background-type":"","background-media":"","overlay-type":"","overlay-color":"","overlay-opacity":"","overlay-gradient":""}},"ast-content-background-meta":{"desktop":{"background-color":"var(--ast-global-color-4)","background-image":"","background-repeat":"repeat","background-position":"center center","background-size":"auto","background-attachment":"scroll","background-type":"","background-media":"","overlay-type":"","overlay-color":"","overlay-opacity":"","overlay-gradient":""},"tablet":{"background-color":"var(--ast-global-color-4)","background-image":"","background-repeat":"repeat","background-position":"center center","background-size":"auto","background-attachment":"scroll","background-type":"","background-media":"","overlay-type":"","overlay-color":"","overlay-opacity":"","overlay-gradient":""},"mobile":{"background-color":"var(--ast-global-color-4)","background-image":"","background-repeat":"repeat","background-position":"center center","background-size":"auto","background-attachment":"scroll","background-type":"","background-media":"","overlay-type":"","overlay-color":"","overlay-opacity":"","overlay-gradient":""}},"footnotes":""},"class_list":["post-106","page","type-page","status-publish","hentry"],"uagb_featured_image_src":{"full":false,"thumbnail":false,"medium":false,"medium_large":false,"large":false,"1536x1536":false,"2048x2048":false},"uagb_author_info":{"display_name":"Raphael Pagny","author_link":"https:\/\/ogagnon.dectim.ca\/Team-TP2\/wordpress\/author\/raph\/"},"uagb_comment_info":0,"uagb_excerpt":"D\u00e9couvrez nos projets immersifs con\u00e7us par les membres de notre \u00e9quipe multidisciplinaire. Chacun met en valeur une approche unique de [&hellip;]","_links":{"self":[{"href":"https:\/\/ogagnon.dectim.ca\/Team-TP2\/wordpress\/wp-json\/wp\/v2\/pages\/106","targetHints":{"allow":["GET"]}}],"collection":[{"href":"https:\/\/ogagnon.dectim.ca\/Team-TP2\/wordpress\/wp-json\/wp\/v2\/pages"}],"about":[{"href":"https:\/\/ogagnon.dectim.ca\/Team-TP2\/wordpress\/wp-json\/wp\/v2\/types\/page"}],"author":[{"embeddable":true,"href":"https:\/\/ogagnon.dectim.ca\/Team-TP2\/wordpress\/wp-json\/wp\/v2\/users\/3"}],"replies":[{"embeddable":true,"href":"https:\/\/ogagnon.dectim.ca\/Team-TP2\/wordpress\/wp-json\/wp\/v2\/comments?post=106"}],"version-history":[{"count":51,"href":"https:\/\/ogagnon.dectim.ca\/Team-TP2\/wordpress\/wp-json\/wp\/v2\/pages\/106\/revisions"}],"predecessor-version":[{"id":1323,"href":"https:\/\/ogagnon.dectim.ca\/Team-TP2\/wordpress\/wp-json\/wp\/v2\/pages\/106\/revisions\/1323"}],"wp:attachment":[{"href":"https:\/\/ogagnon.dectim.ca\/Team-TP2\/wordpress\/wp-json\/wp\/v2\/media?parent=106"}],"curies":[{"name":"wp","href":"https:\/\/api.w.org\/{rel}","templated":true}]}}